{"id":1903,"date":"2019-06-03T11:18:44","date_gmt":"2019-06-03T11:18:44","guid":{"rendered":"https:\/\/demo.nasatheme.com\/?page_id=1903"},"modified":"2026-04-21T18:57:52","modified_gmt":"2026-04-21T15:57:52","slug":"faq","status":"publish","type":"page","link":"https:\/\/mymotoshop.com.tr\/en\/faq\/","title":{"rendered":"Frequently Asked Questions"},"content":{"rendered":"<div data-content_placement=\"top\" class=\"section-element vc_custom_1446889335013\"><div class=\"row\"><div class=\"large-12 nasa-col columns\"><div class=\"nasa-title clearfix hr-type-none text-center\"><div class=\"nasa-wrap\"><h3 class=\"nasa-heading-title\"><span class=\"nasa-title-wrap\"><span style=\"background: #ffffff;\">SIK\u00c7A SORULANLAR<\/span><span class=\"nasa-title-hr\"><\/span><\/span><\/h3><div class=\"nasa-title-desc\">Lastikler Hakk\u0131nda Bilgiler<\/div><\/div><\/div><\/div><\/div><\/div><div data-content_placement=\"top\" class=\"section-element\"><div class=\"row\"><div class=\"large-12 nasa-col columns\"><div class=\"nasa-accordions-content\"><div class=\"nasa-accordion-title\"><a class=\"nasa-accordion hidden-tag active first\" data-id=\"1486873649008-58c11127-9cd9\" href=\"javascript:void(0);\">Motosikletin lastiklerinin eskidi\u011fi ve de\u011fi\u015ftirilmesi gerekip gerekmedi\u011fini nas\u0131l anla\u015f\u0131l\u0131r?<\/a><\/div><div class=\"vc_tta-panel nasa-panel hidden-tag active first\" id=\"nasa-secion-1486873649008-58c11127-9cd9\">\n\t<div class=\"wpb_text_column wpb_content_element\" >\n\t\t<div class=\"wpb_wrapper\">\n\t\t\t<p>Motosiklet lasti\u011finin yan kenar\u0131nda DOT tarih damgas\u0131na bakarak lasti\u011fin ya\u015f\u0131n\u0131 anlayabilirsiniz. Tarih kodu 4 rakamdan olu\u015fmal\u0131d\u0131r; ilk 2 rakam lasti\u011fin \u00fcretildi\u011fi haftay\u0131, son 2 rakam ise y\u0131l\u0131 g\u00f6sterir. 4823 tarihli lastik, lasti\u011fin 2023 y\u0131l\u0131n\u0131n 48. haftas\u0131nda \u00fcretildi\u011fini g\u00f6steriyor. Lastik \u00fcreticileri, \u00fcretim tarihinden itibaren 5 y\u0131ldan daha az bir s\u00fcre ge\u00e7mi\u015f her lasti\u011fin yeni lastik oldu\u011funu ve bu \u015fekilde sat\u0131l\u0131p kullan\u0131labilece\u011fini belirtiyor. Lastiklerin kullan\u0131m s\u00fcresi motosiklete tak\u0131ld\u0131ktan sonra 3 y\u0131l veya 15 bin kilometredir. Ancak lastiklerde yar\u0131lma, delinme, \u00e7atlak ve benzeri g\u00f6r\u00fc \u00a0veya s\u00fcr\u00fc\u015f konforunu bozan haller oldu\u011funda oldu\u011funda motosikletinizin lasti\u011fi de\u011fi\u015ftirmesi gerekebilir. Bu konuda \u015f\u00fcpheniz varsa destek alman\u0131z sizin i\u00e7in faydal\u0131 olacakt\u0131r.<\/p>\n\n\t\t<\/div>\n\t<\/div>\n<\/div><div class=\"nasa-accordion-title\"><a class=\"nasa-accordion hidden-tag\" data-id=\"1486873649043-afd7f89f-f686\" href=\"javascript:void(0);\">Motosiklet i\u00e7in en iyi lastik t\u00fcr\u00fc hangisidir?<\/a><\/div><div class=\"vc_tta-panel nasa-panel hidden-tag\" id=\"nasa-secion-1486873649043-afd7f89f-f686\">\n\t<div class=\"wpb_text_column wpb_content_element\" >\n\t\t<div class=\"wpb_wrapper\">\n\t\t\t<p>Motosikletinize uygun do\u011fru lasti\u011fi ve en iyi \u00f6neriyi bulmak i\u00e7in Depolas.com lastik katalo\u011funu kullanman\u0131z\u0131 tavsiye ederiz.<\/p>\n\n\t\t<\/div>\n\t<\/div>\n<\/div><div class=\"nasa-accordion-title\"><a class=\"nasa-accordion hidden-tag\" data-id=\"1486873691619-526c7b3b-954a\" href=\"javascript:void(0);\">Motosikletin \u00f6n ve arka k\u0131sm\u0131nda farkl\u0131 tipte, veya farkl\u0131 marka lastikler kullan\u0131l\u0131r m\u0131?<\/a><\/div><div class=\"vc_tta-panel nasa-panel hidden-tag\" id=\"nasa-secion-1486873691619-526c7b3b-954a\">\n\t<div class=\"wpb_text_column wpb_content_element\" >\n\t\t<div class=\"wpb_wrapper\">\n\t\t\t<p>Lastik \u00fcreticileri, motosiklet lastiklerini \u00f6n ve arka lastikler aras\u0131nda en iyi kombine performans\u0131 sa\u011flayacak \u015fekilde geli\u015ftirmi\u015ftir. Bu nedenle motosikletiniz i\u00e7in tek tipte ve ayn\u0131 marka lastikleri kullanman\u0131z \u00f6nerilir.<\/p>\n\n\t\t<\/div>\n\t<\/div>\n<\/div><div class=\"nasa-accordion-title\"><a class=\"nasa-accordion hidden-tag\" data-id=\"1486873706220-37abd3f9-4a9c\" href=\"javascript:void(0);\">Motosiklete daha b\u00fcy\u00fck veya daha geni\u015f lastik tak\u0131l\u0131r m\u0131?<\/a><\/div><div class=\"vc_tta-panel nasa-panel hidden-tag\" id=\"nasa-secion-1486873706220-37abd3f9-4a9c\">\n\t<div class=\"wpb_text_column wpb_content_element\" >\n\t\t<div class=\"wpb_wrapper\">\n\t\t\t<p>En iyi lastik boyutu \u00e7o\u011funlukla stok lastik boyutudur. Ayn\u0131 boyuttaki jantlardan daha geni\u015f bir lastik takmaya \u00e7al\u0131\u015ft\u0131\u011f\u0131n\u0131zda lasti\u011fin optimum \u015fekli\/profili bozulabilir ve bu da anormal direksiyon karakterine ve anormal lastik a\u015f\u0131nmas\u0131na neden olabilir. E\u011fer ger\u00e7ekten daha geni\u015f bir lastik istiyorsan\u0131z, buna ula\u015fman\u0131n do\u011fru yolu daha geni\u015f lasti\u011fi ona kar\u015f\u0131l\u0131k gelen daha geni\u015f bir lastikle e\u015fle\u015ftirmektir.<\/p>\n\n\t\t<\/div>\n\t<\/div>\n<\/div><div class=\"nasa-accordion-title\"><a class=\"nasa-accordion hidden-tag\" data-id=\"1486873732494-2187e3ea-6311\" href=\"javascript:void(0);\">Motosiklet lastikleri y\u00f6n oklar\u0131na g\u00f6re tak\u0131lmazsa ne olur?<\/a><\/div><div class=\"vc_tta-panel nasa-panel hidden-tag\" id=\"nasa-secion-1486873732494-2187e3ea-6311\">\n\t<div class=\"wpb_text_column wpb_content_element\" >\n\t\t<div class=\"wpb_wrapper\">\n\t\t\t<p>Motosiklet lasti\u011finin \u00fczerinde y\u00f6n oklar\u0131 kal\u0131planm\u0131\u015f olarak varsa lastik, ilgili \u00f6n veya arka ok d\u00f6n\u00fc\u015f y\u00f6n\u00fcn\u00fc takip edecek \u015fekilde tak\u0131lmal\u0131d\u0131r. Bu talimatlara uyulmad\u0131\u011f\u0131 takdirde a\u015f\u0131r\u0131 durumlarda yol tutu\u015fu ve lastik a\u015f\u0131nmas\u0131 k\u00f6t\u00fcle\u015febilir veya lastikte hasar meydana gelebilir.<\/p>\n\n\t\t<\/div>\n\t<\/div>\n<\/div><div class=\"nasa-accordion-title\"><a class=\"nasa-accordion hidden-tag\" data-id=\"1486873759565-8593e345-1dc8\" href=\"javascript:void(0);\">Motosiklet lastikleri \u00fczerinde bulunan k\u0131rm\u0131z\u0131 noktan\u0131n anlam\u0131 nedir?<\/a><\/div><div class=\"vc_tta-panel nasa-panel hidden-tag\" id=\"nasa-secion-1486873759565-8593e345-1dc8\">\n\t<div class=\"wpb_text_column wpb_content_element\" >\n\t\t<div class=\"wpb_wrapper\">\n\t\t\t<p>Motosiklet lastiklerinden baz\u0131lar\u0131n\u0131n, \u00f6zellikle \u00e7apraz lastiklerin, lasti\u011fin yan duvar\u0131nda k\u0131rm\u0131z\u0131 bir nokta (veya k\u0131rm\u0131z\u0131 bir daire) bulunur. K\u0131rm\u0131z\u0131 noktan\u0131n konumu lasti\u011fin en hafif noktas\u0131n\u0131 g\u00f6sterir ve montaj s\u0131ras\u0131nda janttaki supap sap\u0131 ile ayn\u0131 hizada olmal\u0131d\u0131r (bu, genellikle jant\u0131n en a\u011f\u0131r noktas\u0131d\u0131r). Bu prosed\u00fcr denge a\u011f\u0131rl\u0131klar\u0131na olan ihtiyac\u0131 azalt\u0131r. K\u0131rm\u0131z\u0131 nokta\/i\u015fareti olmayan lastikler i\u00e7in lasti\u011fi jantla hizalamak gerekli de\u011fildir.<\/p>\n\n\t\t<\/div>\n\t<\/div>\n<\/div><div class=\"nasa-accordion-title\"><a class=\"nasa-accordion hidden-tag\" data-id=\"1486873784595-6cddc0fa-36e2\" href=\"javascript:void(0);\">Motosiklet lastiklerine balans ayar\u0131 yapt\u0131rmak gerekir mi?<\/a><\/div><div class=\"vc_tta-panel nasa-panel hidden-tag\" id=\"nasa-secion-1486873784595-6cddc0fa-36e2\">\n\t<div class=\"wpb_text_column wpb_content_element\" >\n\t\t<div class=\"wpb_wrapper\">\n\t\t\t<p>Motosiklet lastikleri uygun \u015fekilde dengelenmedi\u011finde titre\u015fim, e\u015fit olmayan lastik a\u015f\u0131nmas\u0131 ve bozulmu\u015f yol tutu\u015fu gibi \u00e7e\u015fitli sorunlara yol a\u00e7abilece\u011finden\u00a0motosiklet lastiklerine balans ayar\u0131 yap\u0131lmas\u0131 tavsiye edilir. Titre\u015fim veya e\u015fit olmayan lastik a\u015f\u0131nmas\u0131 ya\u015fad\u0131\u011f\u0131n\u0131zda motosikletinizin lastiklerine balans ayar\u0131 yapt\u0131rman\u0131z gerekir.<\/p>\n\n\t\t<\/div>\n\t<\/div>\n<\/div><\/div><\/div><\/div><\/div><div data-content_placement=\"top\" class=\"section-element\"><div class=\"row\"><div class=\"large-12 nasa-col columns\">\n\t<div class=\"wpb_text_column wpb_content_element vc_custom_1775752773662\" >\n\t\t<div class=\"wpb_wrapper\">\n\t\t\t<p>SORUNUZA YANIT BULAMADIYSANIZ; +90 530 727 61 99 NOLU DESTEK HATTIMIZI ARAYAB\u0130L\u0130RS\u0130N\u0130Z.<\/p>\n\n\t\t<\/div>\n\t<\/div>\n<\/div><\/div><\/div>","protected":false},"excerpt":{"rendered":"SIK\u00c7A SORULANLARLastikler Hakk\u0131nda BilgilerMotosikletin lastiklerinin eskidi\u011fi ve de\u011fi\u015ftirilmesi gerekip gerekmedi\u011fini nas\u0131l anla\u015f\u0131l\u0131r? Motosiklet lasti\u011finin yan kenar\u0131nda DOT tarih damgas\u0131na bakarak lasti\u011fin ya\u015f\u0131n\u0131 anlayabilirsiniz. Tarih kodu 4 rakamdan olu\u015fmal\u0131d\u0131r; ilk 2 rakam lasti\u011fin \u00fcretildi\u011fi haftay\u0131, son 2 rakam ise y\u0131l\u0131 g\u00f6sterir. 4823 tarihli lastik, lasti\u011fin 2023 y\u0131l\u0131n\u0131n 48. haftas\u0131nda \u00fcretildi\u011fini g\u00f6steriyor. Lastik \u00fcreticileri, \u00fcretim tarihinden itibaren [...]","protected":false},"author":1,"featured_media":0,"parent":0,"menu_order":0,"comment_status":"closed","ping_status":"closed","template":"page-visual-composer.php","meta":{"footnotes":""},"class_list":["post-1903","page","type-page","status-publish","hentry"],"_hostinger_reach_plugin_has_subscription_block":false,"_hostinger_reach_plugin_is_elementor":false,"_links":{"self":[{"href":"https:\/\/mymotoshop.com.tr\/en\/wp-json\/wp\/v2\/pages\/1903","targetHints":{"allow":["GET"]}}],"collection":[{"href":"https:\/\/mymotoshop.com.tr\/en\/wp-json\/wp\/v2\/pages"}],"about":[{"href":"https:\/\/mymotoshop.com.tr\/en\/wp-json\/wp\/v2\/types\/page"}],"author":[{"embeddable":true,"href":"https:\/\/mymotoshop.com.tr\/en\/wp-json\/wp\/v2\/users\/1"}],"replies":[{"embeddable":true,"href":"https:\/\/mymotoshop.com.tr\/en\/wp-json\/wp\/v2\/comments?post=1903"}],"version-history":[{"count":5,"href":"https:\/\/mymotoshop.com.tr\/en\/wp-json\/wp\/v2\/pages\/1903\/revisions"}],"predecessor-version":[{"id":2415,"href":"https:\/\/mymotoshop.com.tr\/en\/wp-json\/wp\/v2\/pages\/1903\/revisions\/2415"}],"wp:attachment":[{"href":"https:\/\/mymotoshop.com.tr\/en\/wp-json\/wp\/v2\/media?parent=1903"}],"curies":[{"name":"wp","href":"https:\/\/api.w.org\/{rel}","templated":true}]}}