{"id":1905,"date":"2019-06-03T11:21:43","date_gmt":"2019-06-03T11:21:43","guid":{"rendered":"https:\/\/demo.nasatheme.com\/?page_id=1905"},"modified":"2026-04-29T14:19:19","modified_gmt":"2026-04-29T11:19:19","slug":"iletisim","status":"publish","type":"page","link":"https:\/\/mymotoshop.com.tr\/en\/iletisim\/","title":{"rendered":"Communication"},"content":{"rendered":"<div data-content_placement=\"top\" class=\"section-element margin-top-30 desktop-margin-bottom-50\"><div class=\"row\"><div class=\"large-5 mobile-margin-bottom-30 nasa-col columns\"><div class=\"wpb_gmaps_widget wpb_content_element\"><div class=\"wpb_wrapper\"><div class=\"wpb_map_wraper\"><iframe src=\"https:\/\/www.google.com\/maps\/embed?pb=!1m18!1m12!1m3!1d3009.630540614383!2d28.9084695!3d41.0333383!2m3!1f0!2f0!3f0!3m2!1i1024!2i768!4f13.1!3m3!1m2!1s0xa7b9c47a6f3c1eeb%3A0xa649e3a7c0a6d153!2sMy%20Moto%20Shop!5e0!3m2!1str!2str!4v1775732814176!5m2!1str!2str\" width=\"600\" height=\"450\" style=\"border:0;\" allowfullscreen=\"\" loading=\"lazy\" referrerpolicy=\"no-referrer-when-downgrade\"><\/iframe><\/div><\/div><\/div><\/div><div class=\"large-7 vc_custom_1565173372048 padding-side-mobile-0 nasa-col columns\"><div class=\"row\"><div class=\"large-6 nasa-col columns\"><div class=\"vc_column-inner\"><div class=\"wpb_wrapper\">\n\t<div class=\"wpb_text_column wpb_content_element\" >\n\t\t<div class=\"wpb_wrapper\">\n\t\t\t<p>Vatan, G\u00fcrkan Street NO:9\/A, 34034<\/p>\n<p>Bayrampa\u015fa\/Istanbul<\/p>\n\n\t\t<\/div>\n\t<\/div>\n<div class=\"vc_empty_space\"   style=\"height: 30px\"><span class=\"vc_empty_space_inner\"><\/span><\/div><\/div><\/div><\/div><div class=\"large-6 nasa-col columns\"><div class=\"vc_column-inner\"><div class=\"wpb_wrapper\">\n\t<div class=\"wpb_text_column wpb_content_element\" >\n\t\t<div class=\"wpb_wrapper\">\n\t\t\t<p>Support: +90 530 727 61 99<\/p>\n\n\t\t<\/div>\n\t<\/div>\n<\/div><\/div><\/div><\/div><div class=\"vc_empty_space\"   style=\"height: 45px\"><span class=\"vc_empty_space_inner\"><\/span><\/div>\n\t<div class=\"wpb_text_column wpb_content_element\" >\n\t\t<div class=\"wpb_wrapper\">\n\t\t\t<p>If you have any questions, please do not hesitate to contact us.<br \/>\nWe will get back to you as soon as possible. Thank you!<\/p>\n\n\t\t<\/div>\n\t<\/div>\n<div class=\"row margin-top-45 mobile-margin-bottom-40\"><div class=\"large-12 nasa-col columns\"><div class=\"vc_column-inner\"><div class=\"wpb_wrapper\">\n<div class=\"wpcf7 no-js\" id=\"wpcf7-f2049-o1\" lang=\"en-US\" dir=\"ltr\" data-wpcf7-id=\"2049\">\n<div class=\"screen-reader-response\"><p role=\"status\" aria-live=\"polite\" aria-atomic=\"true\"><\/p> <ul><\/ul><\/div>\n<form action=\"\/en\/wp-json\/wp\/v2\/pages\/1905#wpcf7-f2049-o1\" method=\"post\" class=\"wpcf7-form init\" aria-label=\"Contact form\" novalidate=\"novalidate\" data-status=\"init\" data-trp-original-action=\"\/en\/wp-json\/wp\/v2\/pages\/1905#wpcf7-f2049-o1\">\n<fieldset class=\"hidden-fields-container\"><input type=\"hidden\" name=\"_wpcf7\" value=\"2049\" \/><input type=\"hidden\" name=\"_wpcf7_version\" value=\"6.1.5\" \/><input type=\"hidden\" name=\"_wpcf7_locale\" value=\"en_US\" \/><input type=\"hidden\" name=\"_wpcf7_unit_tag\" value=\"wpcf7-f2049-o1\" \/><input type=\"hidden\" name=\"_wpcf7_container_post\" value=\"0\" \/><input type=\"hidden\" name=\"_wpcf7_posted_data_hash\" value=\"\" \/>\n<\/fieldset>\n<div class=\"nasa-contact-us-wrap\">\n\t<div class=\"row\">\n\t\t<div class=\"lt-col large-6 columns\">\n\t\t\t<p><label>Name (required)<br \/>\n<span class=\"wpcf7-form-control-wrap\" data-name=\"your-name\"><input size=\"40\" maxlength=\"400\" class=\"wpcf7-form-control wpcf7-text wpcf7-validates-as-required\" aria-required=\"true\" aria-invalid=\"false\" placeholder=\"Please enter your name\" value=\"\" type=\"text\" name=\"your-name\" \/><\/span><br \/>\n<\/label>\n\t\t\t<\/p>\n\t\t<\/div>\n\t\t<div class=\"lt-col large-6 columns\">\n\t\t\t<p><label>Your E-mail Address (required)<br \/>\n<span class=\"wpcf7-form-control-wrap\" data-name=\"your-email\"><input size=\"40\" maxlength=\"400\" class=\"wpcf7-form-control wpcf7-email wpcf7-validates-as-required wpcf7-text wpcf7-validates-as-email\" aria-required=\"true\" aria-invalid=\"false\" placeholder=\"Please enter your email address\" value=\"\" type=\"email\" name=\"your-email\" \/><\/span><br \/>\n<\/label>\n\t\t\t<\/p>\n\t\t<\/div>\n\t<\/div>\n\t<div class=\"row\">\n\t\t<div class=\"large-12 columns\">\n\t\t\t<p><label>Your message<br \/>\n<span class=\"wpcf7-form-control-wrap\" data-name=\"your-message\"><textarea cols=\"40\" rows=\"10\" maxlength=\"2000\" class=\"wpcf7-form-control wpcf7-textarea\" aria-invalid=\"false\" placeholder=\"Write your message\" name=\"your-message\"><\/textarea><\/span><br \/>\n<\/label>\n\t\t\t<\/p>\n\t\t<\/div>\n\t<\/div>\n\t<div>\n\t\t<p><input class=\"wpcf7-form-control wpcf7-submit has-spinner button small btn-contact\" id=\"form-submit\" type=\"submit\" value=\"SEND\" \/>\n\t\t<\/p>\n\t<\/div>\n<\/div><div class=\"wpcf7-response-output\" aria-hidden=\"true\"><\/div>\n<input type=\"hidden\" name=\"trp-form-language\" value=\"en\"\/><\/form>\n<\/div>\n<\/div><\/div><\/div><\/div><\/div><\/div><\/div>","protected":false},"excerpt":{"rendered":"Vatan, G\u00fcrkan Sok NO:9\/A, 34034 Bayrampa\u015fa\/\u0130stanbul Destek : +90 530 727 61 99 Herhangi bir sorunuz varsa, l\u00fctfen bizimle ileti\u015fime ge\u00e7mekten \u00e7ekinmeyin. Size en k\u0131sa s\u00fcrede cevap verece\u011fiz. Te\u015fekk\u00fcrler! Ad\u0131n\u0131z (zorunlu) E-posta Adresiniz (zorunlu) Mesaj\u0131n\u0131z","protected":false},"author":1,"featured_media":0,"parent":0,"menu_order":0,"comment_status":"closed","ping_status":"closed","template":"page-visual-composer.php","meta":{"footnotes":""},"class_list":["post-1905","page","type-page","status-publish","hentry"],"_hostinger_reach_plugin_has_subscription_block":false,"_hostinger_reach_plugin_is_elementor":false,"_links":{"self":[{"href":"https:\/\/mymotoshop.com.tr\/en\/wp-json\/wp\/v2\/pages\/1905","targetHints":{"allow":["GET"]}}],"collection":[{"href":"https:\/\/mymotoshop.com.tr\/en\/wp-json\/wp\/v2\/pages"}],"about":[{"href":"https:\/\/mymotoshop.com.tr\/en\/wp-json\/wp\/v2\/types\/page"}],"author":[{"embeddable":true,"href":"https:\/\/mymotoshop.com.tr\/en\/wp-json\/wp\/v2\/users\/1"}],"replies":[{"embeddable":true,"href":"https:\/\/mymotoshop.com.tr\/en\/wp-json\/wp\/v2\/comments?post=1905"}],"version-history":[{"count":7,"href":"https:\/\/mymotoshop.com.tr\/en\/wp-json\/wp\/v2\/pages\/1905\/revisions"}],"predecessor-version":[{"id":2437,"href":"https:\/\/mymotoshop.com.tr\/en\/wp-json\/wp\/v2\/pages\/1905\/revisions\/2437"}],"wp:attachment":[{"href":"https:\/\/mymotoshop.com.tr\/en\/wp-json\/wp\/v2\/media?parent=1905"}],"curies":[{"name":"wp","href":"https:\/\/api.w.org\/{rel}","templated":true}]}}