{"id":2,"date":"2026-03-25T10:35:39","date_gmt":"2026-03-25T07:35:39","guid":{"rendered":"https:\/\/mymotoshop.com.tr\/?page_id=2"},"modified":"2026-04-21T10:42:11","modified_gmt":"2026-04-21T07:42:11","slug":"hakkimizda","status":"publish","type":"page","link":"https:\/\/mymotoshop.com.tr\/en\/hakkimizda\/","title":{"rendered":"About Us"},"content":{"rendered":"<div data-content_placement=\"top\" class=\"section-element\"><div class=\"row\"><div class=\"large-12 nasa-col columns\">\n\t<div class=\"wpb_text_column wpb_content_element\" >\n\t\t<div class=\"wpb_wrapper\">\n\t\t\t<p>Founded in 2017 by Mustafa Y\u0131lmaz, My Moto Shop set out with the vision of offering quality and reliable products to motorcycle enthusiasts. With our many years of experience in the motorcycle tyre and spare parts sector, we aim to elevate riding safety and performance to the highest level.<\/p>\n<p>Since our establishment, we have been making a difference in the sector with our service approach that places customer satisfaction at its centre. By actively participating in all marketplaces across Turkey, we deliver our wide product range to our customers quickly and reliably.<\/p>\n<p>Thanks to our expert and experienced operations team, all orders are meticulously prepared and dispatched on the same day. This allows us to offer our customers not only high-quality products but also a fast and seamless shopping experience.<\/p>\n<p>At My Moto Shop, we continue to be an innovative and reliable partner, understanding the needs of motorcycle users in the best possible way. By prioritising quality in every product and trust in every service, we continue to be there for everyone on the road.<\/p>\n\n\t\t<\/div>\n\t<\/div>\n<\/div><\/div><\/div>","protected":false},"excerpt":{"rendered":"2017 y\u0131l\u0131nda Mustafa Y\u0131lmaz taraf\u0131ndan kurulan My Moto Shop, motosiklet tutkunlar\u0131na kaliteli ve g\u00fcvenilir \u00fcr\u00fcnler sunma vizyonuyla yola \u00e7\u0131km\u0131\u015ft\u0131r. Motosiklet lastikleri ve yedek par\u00e7a sekt\u00f6r\u00fcndeki uzun y\u0131llara dayanan deneyimimizle, s\u00fcr\u00fc\u015f g\u00fcvenli\u011fini ve performans\u0131n\u0131 en \u00fcst seviyeye ta\u015f\u0131may\u0131 hedefliyoruz. Kuruldu\u011fumuz g\u00fcnden bu yana, m\u00fc\u015fteri memnuniyetini merkeze alan hizmet anlay\u0131\u015f\u0131m\u0131zla sekt\u00f6rde fark yarat\u0131yoruz. T\u00fcrkiye genelindeki t\u00fcm pazaryerlerinde [...]","protected":false},"author":1,"featured_media":0,"parent":0,"menu_order":0,"comment_status":"closed","ping_status":"closed","template":"","meta":{"footnotes":""},"class_list":["post-2","page","type-page","status-publish","hentry"],"_hostinger_reach_plugin_has_subscription_block":false,"_hostinger_reach_plugin_is_elementor":false,"_links":{"self":[{"href":"https:\/\/mymotoshop.com.tr\/en\/wp-json\/wp\/v2\/pages\/2","targetHints":{"allow":["GET"]}}],"collection":[{"href":"https:\/\/mymotoshop.com.tr\/en\/wp-json\/wp\/v2\/pages"}],"about":[{"href":"https:\/\/mymotoshop.com.tr\/en\/wp-json\/wp\/v2\/types\/page"}],"author":[{"embeddable":true,"href":"https:\/\/mymotoshop.com.tr\/en\/wp-json\/wp\/v2\/users\/1"}],"replies":[{"embeddable":true,"href":"https:\/\/mymotoshop.com.tr\/en\/wp-json\/wp\/v2\/comments?post=2"}],"version-history":[{"count":3,"href":"https:\/\/mymotoshop.com.tr\/en\/wp-json\/wp\/v2\/pages\/2\/revisions"}],"predecessor-version":[{"id":2377,"href":"https:\/\/mymotoshop.com.tr\/en\/wp-json\/wp\/v2\/pages\/2\/revisions\/2377"}],"wp:attachment":[{"href":"https:\/\/mymotoshop.com.tr\/en\/wp-json\/wp\/v2\/media?parent=2"}],"curies":[{"name":"wp","href":"https:\/\/api.w.org\/{rel}","templated":true}]}}