{"id":2426,"date":"2026-04-29T10:47:59","date_gmt":"2026-04-29T07:47:59","guid":{"rendered":"https:\/\/mymotoshop.com.tr\/?page_id=2426"},"modified":"2026-04-29T14:21:56","modified_gmt":"2026-04-29T11:21:56","slug":"mesafeli-satis-sozlesmesi","status":"publish","type":"page","link":"https:\/\/mymotoshop.com.tr\/en\/mesafeli-satis-sozlesmesi\/","title":{"rendered":"Mesafeli Sat\u0131\u015f S\u00f6zle\u015fmesi"},"content":{"rendered":"<p>MESAFEL\u0130 SATI\u015e S\u00d6ZLE\u015eMES\u0130<\/p>\n\n\n\n<p>MADDE 1 \u2013 S\u00d6ZLE\u015eMEN\u0130N TARAFLARI<\/p>\n\n\n\n<p>SATICI : MUSTAFA YILMAZ<br>Adresi: VATAN MAH. G\u00dcRKAN SK. MUSTAFA YILMAZ APT. NO: 9 \u0130\u00c7 KAPI NO: 2 BAYRAMPA\u015eA\/ \u0130STANBUL<br>Telefon: 90 530 727 61 99<\/p>\n\n\n\n<p>Vergi Dairesi Numaras\u0131: 9730782726<br><br>ALICI : (Bundan sonra ALICI olarak an\u0131lacakt\u0131r)<br>Ad\u0131 Soyad\u0131:<br>Adresi:<br>Telefon:<br>Email:<\/p>\n\n\n\n<p>MADDE 2 \u2013 S\u00d6ZLE\u015eMEN\u0130N KONUSU :<\/p>\n\n\n\n<p>\u0130\u015f bu s\u00f6zle\u015fmenin konusu, ALICI\u2019n\u0131n SATICI\u2019ya ait mymotoshop.com.tr web sitesinden (\u201cWebsitesi\u201d) elektronik ortamda sipari\u015f verdi\u011fi, s\u00f6zle\u015fmede bahsi ge\u00e7en nitelikleri haiz ve yine s\u00f6zle\u015fmede KDV dahil toplam sat\u0131\u015f fiyat\u0131 belirtilen mal\/hizmetin sat\u0131\u015f\u0131 ve teslimi ile ilgili olarak 6502 say\u0131l\u0131 T\u00fcketicilerin Korunmas\u0131 Hakk\u0131ndaki Kanun ve Mesafeli S\u00f6zle\u015fmelere Dair Y\u00f6netmelik h\u00fck\u00fcmleri gere\u011fince taraflar\u0131n hak ve y\u00fck\u00fcml\u00fcl\u00fcklerinin saptanmas\u0131d\u0131r.<br>ALICI, sat\u0131\u015fa konu mal\/hizmetlerin temel nitelikleri, sat\u0131\u015f fiyat\u0131, \u00f6deme \u015fekli, teslimat ko\u015fullar\u0131 vs. sat\u0131\u015fa konu mal\/hizmet ile ilgili t\u00fcm \u00f6n bilgiler ve \u201ccayma\u201d hakk\u0131 konusunda bilgi sahibi oldu\u011funu, bu \u00f6n bilgileri elektronik ortamda teyit etti\u011fini ve sonras\u0131nda mal\/hizmeti sipari\u015f verdi\u011fini is bu s\u00f6zle\u015fme h\u00fck\u00fcmlerince kabul ve beyan eder.<br>Web sitesinde \u00f6deme sayfas\u0131ndan \u00f6nce yer alan \u00f6n bilgilendirme formu ve fatura i\u015f bu s\u00f6zle\u015fmenin ayr\u0131lmaz par\u00e7alar\u0131d\u0131r. Sipari\u015f ger\u00e7ekle\u015fti\u011fi anda ALICI bu s\u00f6zle\u015fmenin t\u00fcm ko\u015fullar\u0131n\u0131 kabul etmi\u015f say\u0131l\u0131r. Listelenen ve web sitesinde ilan edilen fiyatlar sat\u0131\u015f fiyat\u0131d\u0131r. \u0130lan edilen fiyatlar ve vaatler g\u00fcncelleme yap\u0131lana ve de\u011fi\u015ftirilene kadar ge\u00e7erlidir. S\u00fcreli olarak ilan edilen fiyatlar ise belirtilen s\u00fcre sonuna kadar ge\u00e7erlidir.<\/p>\n\n\n\n<p>MADDE 3 \u2013 S\u00d6ZLE\u015eME KONUSU \u00dcR\u00dcN\/\u00dcR\u00dcNLER B\u0130LG\u0130LER\u0130:<br>\u00dcr\u00fcn\/\u00dcr\u00fcnlerin \/ Hizmetin t\u00fcr\u00fc, miktar\u0131, marka\/modeli, rengi, adedi, sat\u0131\u015f bedeli, vergiler dahil toplam sat\u0131\u015f fiyat\u0131, teslim i\u00e7in kargo bedeli ve \u00f6deme \u015fekli a\u015fa\u011f\u0131da belirtildi\u011fi gibi olup bu hususlar ALICI taraf\u0131ndan kabul edilmi\u015ftir.<\/p>\n\n\n\n<p>\u00d6deme \u015eekli:<br>Kargo Bedeli:<br>Kargo Dahil Sipari\u015f Tutar\u0131:<br>\u0130ndirim Toplam\u0131:<br>Teslim \u015eekli: Adrese Teslim<br>Teslimat Adresi:<br>Teslim Edilecek Ki\u015fi:<br>Fatura Adresi:<br>Tarih:<\/p>\n\n\n\n<p>\u00dcr\u00fcne ili\u015fkin bilgiler Websitesinde mevcut olup 6502 say\u0131l\u0131 T\u00fcketicinin Korunmas\u0131 Hakk\u0131nda Kanun ve Mesafeli S\u00f6zle\u015fmeler Y\u00f6netmeli\u011fi gere\u011fi ALICI\u2019ya sa\u011flanm\u0131\u015ft\u0131r. Bu kapsamda mal\/hizmetin cinsi ve t\u00fcr\u00fc, miktar\u0131, marka\/modeli, rengi ve t\u00fcm vergiler dahil pe\u015fin sat\u0131\u015f bedeli mymotoshop.com.tr adl\u0131 web sitesindeki mal\/hizmet tan\u0131t\u0131m sayfas\u0131nda yer alan bilgilerde ve i\u015f bu s\u00f6zle\u015fmenin ayr\u0131lmaz par\u00e7as\u0131 say\u0131lan faturada belirtildi\u011fi gibidir. Bununla birlikte web sitesinde g\u00f6r\u00fcnen \u00fcr\u00fcnlerin t\u00fcm detaylar\u0131n\u0131n, tariflerinin, resimlerinin do\u011fru olmalar\u0131 sa\u011flamak i\u00e7in SATICI elinden gelen \u00e7abay\u0131 g\u00f6stermektedir ancak s\u00f6z konusu \u00fcr\u00fcn detaylar\u0131, tarifleri ve resimlerinin do\u011fru, tam, g\u00fcvenilir, g\u00fcncel ve hatas\u0131z olduklar\u0131 konusunda garanti vermemektedir.<br>Mal\/hizmetin pe\u015fin fiyat\u0131 \u00fcr\u00fcn ile birlikte ALICI\u2019ya g\u00f6nderilen fatura i\u00e7eri\u011finde mevcuttur.<br>Mal\/hizmetin sat\u0131\u015f fiyat\u0131na yap\u0131lan vadeye g\u00f6re fiyat\u0131 \u00fcr\u00fcn ile birlikte ALICI\u2019ya g\u00f6nderilen fatura i\u00e7eri\u011finde mevcuttur.<br>ALICI\u2019n\u0131n, kredi kart\u0131 ile al\u0131\u015fveri\u015f yapmas\u0131 durumunda ve kredi kart\u0131 ile yapm\u0131\u015f oldu\u011fu i\u015flemlerinde temerr\u00fcde d\u00fc\u015fmesi halinde kart sahibi bankan\u0131n kendisi ile yapm\u0131\u015f oldu\u011fu kredi kart\u0131 s\u00f6zle\u015fmesi \u00e7er\u00e7evesinde faiz \u00f6deyecek ve bankaya kar\u015f\u0131 sorumlu olacakt\u0131r. Bu durumda ilgili banka hukuki yollara ba\u015fvurabilir; do\u011facak masraflar\u0131 ve vekalet \u00fccretini ALICI\u2019dan talep edebilir ve her ko\u015fulda ALICI\u2019n\u0131n borcundan dolay\u0131 temerr\u00fcde d\u00fc\u015fmesi halinde, ALICI, borcun gecikmeli ifas\u0131ndan dolay\u0131 SATICI\u2019n\u0131n olu\u015fan zarar ve ziyan\u0131n\u0131 \u00f6demeyi kabul eder.<br>Web sitesinden sat\u0131\u015f yap\u0131lmas\u0131 nedeniyle kargo \u00fccreti d\u0131\u015f\u0131nda bu maddede belirtilen hususlar d\u0131\u015f\u0131nda ALICI\u2019ya ilave bir maliyet y\u00fcklenmemektedir.<\/p>\n\n\n\n<p>MADDE 4 \u2013 S\u00d6ZLE\u015eMEN\u0130N TAR\u0130H\u0130<\/p>\n\n\n\n<p>\u0130\u015fbu s\u00f6zle\u015fme ALICI taraf\u0131ndan sipari\u015fin verildi\u011fi tarihte d\u00fczenlenmi\u015ftir.<\/p>\n\n\n\n<p>MADDE 5 \u2013 MAL\/H\u0130ZMET\u0130N TESL\u0130M\u0130, S\u00d6ZLE\u015eMEN\u0130N \u0130FA YER\u0130<br>SATICI, sipari\u015fin kendisine ula\u015ft\u0131\u011f\u0131 tarihten itibaren 30 g\u00fcn i\u00e7inde edimini yerine getirir. Mal\/hizmet, ALICI\u2019n\u0131n teslimini talep etmi\u015f oldu\u011fu Kavakl\u0131 Mahallesi, Fulya Caddesi, No:11 Silivri \/\u0130stanbul \/T\u00dcRK\u0130YE adresinde teslim edilecektir. Sevkiyat s\u0131ras\u0131nda zarar g\u00f6rd\u00fc\u011f\u00fc d\u00fc\u015f\u00fcn\u00fclen paketlerin teslim al\u0131nd\u0131\u011f\u0131 firma yetkilisi \u00f6n\u00fcnde a\u00e7\u0131p kontrol edilmesi gerekmekte olup ezik, k\u0131r\u0131k, ambalaj\u0131 y\u0131rt\u0131lm\u0131\u015f vb. hasarl\u0131 ve ay\u0131pl\u0131 mal\/hizmeti kargo \u015firketinden teslim almayacakt\u0131r. E\u011fer \u00fcr\u00fcnde herhangi bir zarar varsa kargo firmas\u0131na tutanak tutturularak \u00fcr\u00fcn teslim al\u0131nmamal\u0131d\u0131r. Tutanak tutturmaman\u0131z durumunda, \u00fcr\u00fcn teslim al\u0131nd\u0131ktan sonra kargo firmas\u0131n\u0131n g\u00f6revini tam olarak yerine getirdi\u011fini ve \u00fcr\u00fcn\u00fc eksiksiz ve sa\u011flam olarak teslim ald\u0131\u011f\u0131n\u0131z\u0131 kabul etmi\u015f oldu\u011funuzu unutmay\u0131n\u0131z. ALICI\u2019n\u0131n, SATICI\u2019n\u0131n belirledi\u011fi ta\u015f\u0131y\u0131c\u0131 d\u0131\u015f\u0131nda ba\u015fka bir ta\u015f\u0131y\u0131c\u0131 ile mal\u0131n g\u00f6nderilmesini talep etmesi durumunda, mal\u0131n ilgili ta\u015f\u0131y\u0131c\u0131ya tesliminden itibaren olu\u015fabilecek kay\u0131p ya da hasardan SATICI sorumlu de\u011fildir.<\/p>\n\n\n\n<p>MADDE 6 \u2013 TESL\u0130MAT MASRAFLARI<br>Teslimat masraflar\u0131 ALICI\u2019ya aittir. SATICI, web sitesinde, ilan etti\u011fi rakam\u0131n \u00fczerinde al\u0131\u015fveri\u015f yapanlar\u0131n teslimat \u00fccretinin kendisince kar\u015f\u0131lanaca\u011f\u0131n\u0131 ya da kampanya dahilinde \u00fccretsiz teslimat yapaca\u011f\u0131n\u0131 beyan etmi\u015fse, teslimat masraf\u0131 SATICI\u2019ya aittir. Teslim an\u0131nda ALICI\u2019n\u0131n adresinde bulunmamas\u0131 durumunda dahi SATICI, edimini tam ve eksiksiz olarak yerine getirmi\u015f olarak kabul edilecektir. Bu nedenle, ALICIn\u0131n \u00fcr\u00fcn\u00fc ge\u00e7 teslim almas\u0131ndan kaynaklanan her t\u00fcrl\u00fc zarar ile \u00fcr\u00fcn\u00fcn kargo \u015firketinde beklemi\u015f olmas\u0131 ve\/veya kargonun SATICI\u2019ya iade edilmesinden dolay\u0131 da olu\u015fan giderler de ALICI\u2019ya aittir. Teslimat; stokun m\u00fcsait olmas\u0131 ve mal bedelinin SATICI\u2019n\u0131n hesab\u0131na ge\u00e7mesinden sonra en k\u0131sa s\u00fcrede yap\u0131l\u0131r. SATICI, mal\/hizmetin sipari\u015finden itibaren 30 (Otuz) g\u00fcn i\u00e7inde mal\u0131 teslim eder. Herhangi bir nedenle mal\/hizmet bedeli \u00f6denmez veya banka kay\u0131tlar\u0131nda iptal edilir ise, SATICI mal\/hizmetin teslimi y\u00fck\u00fcml\u00fcl\u00fc\u011f\u00fcnden kurtulmu\u015f kabul edilir. SATICI, beklenmeyen haller, m\u00fccbir sebepler veya nakliyeyi engelleyen hava muhalefeti, ula\u015f\u0131m\u0131n kesilmesi gibi ola\u011fan\u00fcst\u00fc durumlar nedeni ile s\u00f6zle\u015fme konusu \u00fcr\u00fcn\u00fc s\u00fcresi i\u00e7inde teslim edemez ise, durumu ALICI\u2019ya bildirmekle y\u00fck\u00fcml\u00fcd\u00fcr.<\/p>\n\n\n\n<p>MADDE 7 \u2013 ALICININ BEYAN VE TAAHH\u00dcTLER\u0130 :<br>Sipari\u015f konusu mal\u0131n Al\u0131c\u0131\u2019ya teslimden sonra mal\/hizmetin \u00f6zenle korunmas\u0131 borcu, ALICI\u2019ya aittir. Mal\/hizmetin tesliminden sonra ALICI\u2019ya ait kredi kart\u0131n\u0131n ALICI\u2019n\u0131n kusurundan kaynaklanmayan bir \u015fekilde yetkisiz ki\u015filerce haks\u0131z veya hukuka ayk\u0131r\u0131 olarak kullan\u0131lmas\u0131 nedeni ile ilgili banka veya finans kurulu\u015funun mal\/hizmet bedelini SATICI\u2019ya \u00f6dememesi halinde, ALICI kendisine teslim edilmi\u015f olmas\u0131 kayd\u0131yla mal\/hizmeti 3 (\u00dc\u00e7) g\u00fcn i\u00e7inde SATICI\u2019ya g\u00f6ndermekle y\u00fck\u00fcml\u00fcd\u00fcr. Bu takdirde teslimat giderleri ALICI\u2019ya aittir. Ayr\u0131ca ALICI, ALICI\u2019n\u0131n g\u00f6sterdi\u011fi adrese ve bu adreste teslim s\u0131ras\u0131nda bulunan ki\u015fiye yap\u0131lan teslimat\u0131n, ALICI\u2019ya yap\u0131lm\u0131\u015f teslimat say\u0131laca\u011f\u0131n\u0131 kabul etmektedir.<br>SATICI\u2019n\u0131n, ALICI taraf\u0131ndan websitesine kay\u0131t formunda belirtilen veya daha sonra kendisi taraf\u0131ndan g\u00fcncellenen adresi, e-posta adresi, sabit ve mobil telefon hatlar\u0131 ve di\u011fer ileti\u015fim bilgileri \u00fczerinden mektup, e-posta, SMS, telefon g\u00f6r\u00fc\u015fmesi ve di\u011fer yollarla ALICI\u2019ya ula\u015fma hakk\u0131 bulunmaktad\u0131r.<\/p>\n\n\n\n<p>MADDE 8 \u2013 SATICININ BEYAN VE TAAHH\u00dcTLER\u0130 :<br>SATICI, s\u00f6zle\u015fme konusu mal\/hizmetin sa\u011flam, eksiksiz, sipari\u015fte belirtilen niteliklere uygun ve varsa garanti belgeleri ve kullan\u0131m k\u0131lavuzlar\u0131 ile teslim edilmesinden sorumludur.<br>S\u00f6zle\u015fme konusu mal\/hizmet, ALICI\u2019dan ba\u015fka bir ki\u015fi\/kurulu\u015fa teslim edilecek ise, teslim edilecek ki\u015fi\/kurulu\u015fun teslimat\u0131 kabul etmemesinden SATICI sorumlu tutulamaz. SATICI, ALICI\u2019n\u0131n hi\u00e7bir hukuki ve cezai sorumluluk \u00fcstlenmeksizin ve hi\u00e7bir gerek\u00e7e g\u00f6stermeksizin \u00fcr\u00fcn\u00fc teslim ald\u0131\u011f\u0131 veya s\u00f6zle\u015fmenin onayland\u0131\u011f\u0131 tarihten itibaren 14 (ond\u00f6rt) g\u00fcn i\u00e7erisinde i\u015fbu s\u00f6zle\u015fmenin 9. Ve 10. Maddeleri kapsam\u0131nda \u00fcr\u00fcn\u00fc reddederek s\u00f6zle\u015fmeden cayma hakk\u0131n\u0131n var oldu\u011funu kabul etmektedir. SATICI \u00fcr\u00fcn\u00fcn teslimi ifas\u0131n\u0131n imk\u00e2ns\u0131zla\u015ft\u0131\u011f\u0131n\u0131 d\u00fc\u015f\u00fcn\u00fcyorsa, s\u00f6zle\u015fmenin ifa s\u00fcresi dolmadan ALICI\u2019ya bildirir. Bu takdirde ALICI sipari\u015fin iptal edilmesini, s\u00f6zle\u015fme konusu \u00fcr\u00fcn\u00fcn varsa emsali ile de\u011fi\u015ftirilmesini ve\/veya teslimat s\u00fcresinin engelleyici durumun ortadan kalkmas\u0131na kadar ertelenmesi haklar\u0131ndan birini kullanabilir.<\/p>\n\n\n\n<p>MADDE 9 \u2013 CAYMA HAKKI :<br>ALICI, on d\u00f6rt g\u00fcn i\u00e7inde herhangi bir gerek\u00e7e g\u00f6stermeksizin ve cezai \u015fart \u00f6demeksizin s\u00f6zle\u015fmeden cayma hakk\u0131na sahiptir. Cayma hakk\u0131 s\u00fcresi, hizmet ifas\u0131na ili\u015fkin s\u00f6zle\u015fmelerde s\u00f6zle\u015fmenin kuruldu\u011fu g\u00fcn; mal teslimine ili\u015fkin s\u00f6zle\u015fmelerde ise ALICI taraf\u0131ndan mal\u0131n teslim al\u0131nd\u0131\u011f\u0131 g\u00fcn ba\u015flar.<br>Cayma hakk\u0131 s\u00fcresinin belirlenmesinde;<br>a) Tek sipari\u015f konusu olup ayr\u0131 ayr\u0131 teslim edilen mallarda, ALICI\u2019n\u0131n son mal\u0131 teslim ald\u0131\u011f\u0131 g\u00fcn,<br>b) Birden fazla par\u00e7adan olu\u015fan mallarda, ALICI\u2019n\u0131n son par\u00e7ay\u0131 teslim ald\u0131\u011f\u0131 g\u00fcn,<br>c) Belirli bir s\u00fcre boyunca mal\u0131n d\u00fczenli tesliminin yap\u0131ld\u0131\u011f\u0131 s\u00f6zle\u015fmelerde, ALICI\u2019n\u0131n ilk mal\u0131 teslim ald\u0131\u011f\u0131 g\u00fcn esas al\u0131n\u0131r.<\/p>\n\n\n\n<p>MADDE 10 \u2013 CAYMA HAKKININ KULLANILMASI<br>Cayma hakk\u0131n\u0131n kullan\u0131lmas\u0131 i\u00e7in ayn\u0131 s\u00fcre i\u00e7inde sat\u0131c\u0131n\u0131n m\u00fc\u015fteri hizmetlerine e-posta veya telefon ile bildirimde bulunulmas\u0131 \u015fartt\u0131r. Mesafeli Sat\u0131\u015f S\u00f6zle\u015fmeleri Hakk\u0131nda Y\u00f6netmelik gere\u011fi ALICI\u2019n\u0131n tesliminden sonra ambalaj, bant, m\u00fch\u00fcr, paket gibi koruyucu unsurlar\u0131 a\u00e7\u0131lm\u0131\u015f olan mallardan; iadesi sa\u011fl\u0131k ve hijyen a\u00e7\u0131s\u0131ndan uygun olmayanlar\u0131n teslimine ili\u015fkin s\u00f6zle\u015fmelerde cayma hakk\u0131n\u0131 kullanmas\u0131 m\u00fcmk\u00fcn de\u011fildir. Bu nedenle SATICI taraf\u0131ndan sat\u0131\u015f\u0131 yap\u0131lan \u00fcr\u00fcnler ambalajlar\u0131 a\u00e7\u0131lmam\u0131\u015f, bant ve m\u00fch\u00fcr gibi koruyucu unsurlar\u0131 a\u00e7\u0131lmam\u0131\u015f, denenmemi\u015f ve bozulmam\u0131\u015f olmalar\u0131 halinde iade al\u0131nabilir.<br>Cayma hakk\u0131n kullan\u0131lmas\u0131 halinde, ALICI\u2019ya teslim edilen \u00fcr\u00fcn\u00fcn SATICI\u2019ya g\u00f6nderildi\u011fine ili\u015fkin kargo teslim tutana\u011f\u0131 \u00f6rne\u011fi ile fatura asl\u0131n\u0131n iadesi zorunludur. Fatura asl\u0131 g\u00f6nderilmez ise KDV ve varsa sair yasal y\u00fck\u00fcml\u00fcl\u00fckler iade edilemez.<br>SATICI, ALICI\u2019n\u0131n cayma hakk\u0131n\u0131 kulland\u0131\u011f\u0131na ili\u015fkin bildirimin kendisine ula\u015ft\u0131\u011f\u0131 tarihten itibaren on d\u00f6rt g\u00fcn i\u00e7inde, varsa mal\u0131n ALICI\u2019ya teslim masraflar\u0131 da dahil olmak \u00fczere tahsil edilen t\u00fcm \u00f6demeleri iade etmekle y\u00fck\u00fcml\u00fcd\u00fcr. SATICI, belirtilen t\u00fcm geri \u00f6demeleri, ALICI\u2019n\u0131n sat\u0131n al\u0131rken kulland\u0131\u011f\u0131 \u00f6deme arac\u0131na uygun bir \u015fekilde ve ALICI\u2019ya herhangi bir masraf veya y\u00fck\u00fcml\u00fcl\u00fck getirmeden tek seferde yapar. \u0130ade i\u015fleminin onaylanmas\u0131ndan sonra kredi kart\u0131 iadeleri 3 i\u015f g\u00fcn\u00fc i\u00e7inde yap\u0131lacakt\u0131r. Bankan\u0131z kredi kart\u0131 iadelerini ayn\u0131 ekstre d\u00f6neminde hesab\u0131n\u0131za yans\u0131tmayabilir. Bu durumda ALICI\u2019n\u0131n bankas\u0131n\u0131n kredi kart\u0131 servisini aramas\u0131 gerekmektedir. ALICI\u2019n\u0131n sipari\u015fini ile ilgili \u201c\u0130ptal Edildi\u201d uyar\u0131s\u0131 \u00e7\u0131kt\u0131ktan sonra t\u00fcm bedel kredi kart\u0131na iade edilmektedir. \u00dcr\u00fcn ALICI\u2019ya ula\u015ft\u0131ktan sonra ortaya \u00e7\u0131kabilecek \u00fcr\u00fcn \u015fikayetleri i\u00e7in, +90 530 727 61 99 numaral\u0131 telefondan m\u00fc\u015fteri hizmetleri yetkilisine ba\u015fvurulmas\u0131 m\u00fcmk\u00fcnd\u00fcr.<br>Cayma hakk\u0131n\u0131n kullan\u0131m\u0131ndan kaynaklanan masraflar SATICI\u2019ya aittir. ALICI iadeyi Yurti\u00e7i Kargo firmas\u0131 ile g\u00f6ndermek zorundad\u0131r. Aksi takdirde iade i\u00e7in gerekli teslim masraflar\u0131n\u0131 kar\u015f\u0131lamak zorundad\u0131r.<br>ALICI\u2019n\u0131n kusurundan kaynaklanan bir nedenle mal\u0131n de\u011ferinde bir azalma olursa veya iade imk\u00e2ns\u0131zla\u015f\u0131rsa ALICI kusuru oran\u0131nda SATICI\u2019n\u0131n zararlar\u0131n\u0131 tazmin etmekle y\u00fck\u00fcml\u00fcd\u00fcr.<\/p>\n\n\n\n<p>MADDE 11 \u2013 YETK\u0130L\u0130 MAHKEME :<br>\u0130\u015f bu s\u00f6zle\u015fmeden kaynaklanabilecek ihtilaflarda, G\u00fcmr\u00fck ve Ticaret Bakanl\u0131\u011f\u0131nca her y\u0131l Aral\u0131k ay\u0131nda ilan edilen de\u011fere kadar T\u00fcketici Hakem Heyetleri, belirtilen de\u011fer \u00fcst\u00fcne Sat\u0131c\u0131n\u0131n yerle\u015fim yerindeki T\u00fcketici Mahkemeleri; bulunamayan yerlerde Sat\u0131c\u0131n\u0131n yerle\u015fim yerindeki Asliye Hukuk Mahkemelerine yap\u0131labilir. Sipari\u015fle ilgili her t\u00fcrl\u00fc uyu\u015fmazl\u0131\u011fa T\u00fcrk hukuku h\u00fck\u00fcmleri uygulanacakt\u0131r.<br><\/p>","protected":false},"excerpt":{"rendered":"<p>MESAFEL\u0130 SATI\u015e S\u00d6ZLE\u015eMES\u0130 MADDE 1 \u2013 S\u00d6ZLE\u015eMEN\u0130N TARAFLARI SATICI : MUSTAFA YILMAZAdresi: VATAN MAH. G\u00dcRKAN SK. MUSTAFA YILMAZ APT. NO: 9 \u0130\u00c7 KAPI NO: 2 BAYRAMPA\u015eA\/ \u0130STANBULTelefon: 90 530 727 61 99 Vergi Dairesi Numaras\u0131: 9730782726 ALICI : (Bundan sonra ALICI olarak an\u0131lacakt\u0131r)Ad\u0131 Soyad\u0131:Adresi:Telefon:Email: MADDE 2 \u2013 S\u00d6ZLE\u015eMEN\u0130N KONUSU : \u0130\u015f bu s\u00f6zle\u015fmenin konusu, ALICI\u2019n\u0131n [&hellip;]<\/p>\n","protected":false},"author":1,"featured_media":0,"parent":0,"menu_order":0,"comment_status":"closed","ping_status":"closed","template":"","meta":{"footnotes":""},"class_list":["post-2426","page","type-page","status-publish","hentry"],"_hostinger_reach_plugin_has_subscription_block":false,"_hostinger_reach_plugin_is_elementor":false,"_links":{"self":[{"href":"https:\/\/mymotoshop.com.tr\/en\/wp-json\/wp\/v2\/pages\/2426","targetHints":{"allow":["GET"]}}],"collection":[{"href":"https:\/\/mymotoshop.com.tr\/en\/wp-json\/wp\/v2\/pages"}],"about":[{"href":"https:\/\/mymotoshop.com.tr\/en\/wp-json\/wp\/v2\/types\/page"}],"author":[{"embeddable":true,"href":"https:\/\/mymotoshop.com.tr\/en\/wp-json\/wp\/v2\/users\/1"}],"replies":[{"embeddable":true,"href":"https:\/\/mymotoshop.com.tr\/en\/wp-json\/wp\/v2\/comments?post=2426"}],"version-history":[{"count":4,"href":"https:\/\/mymotoshop.com.tr\/en\/wp-json\/wp\/v2\/pages\/2426\/revisions"}],"predecessor-version":[{"id":2440,"href":"https:\/\/mymotoshop.com.tr\/en\/wp-json\/wp\/v2\/pages\/2426\/revisions\/2440"}],"wp:attachment":[{"href":"https:\/\/mymotoshop.com.tr\/en\/wp-json\/wp\/v2\/media?parent=2426"}],"curies":[{"name":"wp","href":"https:\/\/api.w.org\/{rel}","templated":true}]}}