{"id":2428,"date":"2026-04-29T10:50:32","date_gmt":"2026-04-29T07:50:32","guid":{"rendered":"https:\/\/mymotoshop.com.tr\/?page_id=2428"},"modified":"2026-04-29T10:50:32","modified_gmt":"2026-04-29T07:50:32","slug":"teslimat-ve-iade-politikasi","status":"publish","type":"page","link":"https:\/\/mymotoshop.com.tr\/en\/teslimat-ve-iade-politikasi\/","title":{"rendered":"Teslimat ve \u0130ade Politikas\u0131"},"content":{"rendered":"<p>I- TESL\u0130MAT KO\u015eULLARI<\/p>\n\n\n\n<p>MY MOTO SHOP, M\u00dc\u015eTER\u0130 ile aras\u0131nda Mesafeli Sat\u0131\u015f S\u00f6zle\u015fmesi\u2019nin (\u201cS\u00f6zle\u015fme\u201d) olu\u015ftu\u011fu tarihten itibaren en fazla 30 (otuz) g\u00fcn i\u00e7erisinde S\u00f6zle\u015fme konusu \u00fcr\u00fcn\u00fc sa\u011flam, eksiksiz, sipari\u015fte belirtilen niteliklere uygun olarak, anla\u015fmal\u0131 kargo \u015firketi arac\u0131l\u0131\u011f\u0131 ile M\u00dc\u015eTER\u0130\u2019n\u0131n sipari\u015f s\u0131ras\u0131nda bildirdi\u011fi adreste M\u00dc\u015eTER\u0130\u2019ya veya adresteki ki\u015fiye\/kurulu\u015fa elden teslim eder.<br>S\u00f6zle\u015fme konusu \u00fcr\u00fcn\u00fcn teslimat\u0131 MY MOTO SHOP\u2019in anla\u015fmal\u0131 oldu\u011fu kargo firmas\u0131n\u0131n (HepsiJet) g\u00f6nderi alan\u0131yla s\u0131n\u0131rl\u0131d\u0131r. MY MOTO SHOP\u2019in sorumlulu\u011fu anla\u015fmal\u0131 oldu\u011fu kargo firmas\u0131n\u0131n g\u00f6nderi alan\u0131n\u0131n bitiminde sona erer.<br>S\u00f6zle\u015fme konusu \u00fcr\u00fcn, m\u00fccbir sebepler, hava muhalefeti, deprem, sel, yang\u0131n, salg\u0131n hastal\u0131k v.b. gibi ola\u011fan\u00fcst\u00fc durumlar nedeni ile 30 (otuz) g\u00fcnl\u00fck yasal s\u00fcre i\u00e7inde teslim edilemez ise, MY MOTO SHOP bu durumu M\u00dc\u015eTER\u0130\u2019ye bildirir. Bu durumda M\u00dc\u015eTER\u0130 sipari\u015fi iptal edebilir, varsa benzer bir \u00fcr\u00fcn ile de\u011fi\u015ftirilmesini isteyebilir veya teslimat\u0131n gecikmesine neden olan durum ortadan kalkana kadar bekleyebilir. M\u00dc\u015eTER\u0130\u2019nin sipari\u015fi iptal etmesi halinde, \u00f6demeye ili\u015fkin (varsa teslimat masraflar\u0131 da d\u00e2hil olmak \u00fczere tahsil edilen t\u00fcm \u00f6demeler) iade bildirim tarihinden itibaren en ge\u00e7 14 (ond\u00f6rt) g\u00fcn i\u00e7inde ger\u00e7ekle\u015ftirilir (S\u00f6zle\u015fme feshine ili\u015fkin akdi h\u00fck\u00fcmler uygulan\u0131r).<br>Teslimat adresi olarak bildirilen adreste yap\u0131lan \u00fcr\u00fcn teslimat\u0131nda M\u00dc\u015eTER\u0130\u2019nin adresinde bulunmamas\u0131 ve adresteki ki\u015filerin teslimat\u0131 kabul etmemesi durumunda, MY MOTO SHOP, S\u00f6zle\u015fme\u2019den do\u011fan edimini ifa etmi\u015f kabul edilir. Teslimat adresinde, \u00fcr\u00fcn\u00fc teslim alacak kimsenin olmamas\u0131 durumunda kargo firmas\u0131 ile irtibata ge\u00e7ilerek sipari\u015fin sevkiyat\u0131n\u0131 takip ve d\u00fczenlemek M\u00dc\u015eTER\u0130\u2019nin sorumlulu\u011fundad\u0131r.<\/p>\n\n\n\n<p>II- CAYMA HAKKI<\/p>\n\n\n\n<p>\u0130ade S\u00fcresi : M\u00dc\u015eTER\u0130, 14 g\u00fcn i\u00e7erisinde herhangi bir gerek\u00e7e g\u00f6stermeksizin ve cezai \u015fart \u00f6demeksizin S\u00f6zle\u015fme\u2019den cayma hakk\u0131na sahiptir. Cayma hakk\u0131 s\u00fcresi, S\u00f6zle\u015fme konusu \u00fcr\u00fcn\u00fcn M\u00dc\u015eTER\u0130\u2019ye veya M\u00dc\u015eTER\u0130\u2019nin g\u00f6sterdi\u011fi adresteki ki\u015fiye\/kurulu\u015fa teslim edildi\u011fi g\u00fcn ba\u015flar.<\/p>\n\n\n\n<p>Cayma hakk\u0131 s\u00fcresinin belirlenmesinde;<\/p>\n\n\n\n<p>Tek sipari\u015f konusu olup ayr\u0131 ayr\u0131 teslim edilen mallarda, t\u00fcketicinin veya t\u00fcketici taraf\u0131ndan belirlenen \u00fc\u00e7\u00fcnc\u00fc ki\u015finin son mal\u0131 teslim ald\u0131\u011f\u0131 g\u00fcn, Birden fazla par\u00e7adan olu\u015fan mallarda, t\u00fcketici veya t\u00fcketici taraf\u0131ndan belirlenen \u00fc\u00e7\u00fcnc\u00fc ki\u015finin son par\u00e7ay\u0131 teslim ald\u0131\u011f\u0131 g\u00fcn, Belirli bir s\u00fcre boyunca mal\u0131n d\u00fczenli tesliminin yap\u0131ld\u0131\u011f\u0131 s\u00f6zle\u015fmelerde, t\u00fcketici veya t\u00fcketici taraf\u0131ndan belirlenen \u00fc\u00e7\u00fcnc\u00fc ki\u015finin ilk mal\u0131 teslim ald\u0131\u011f\u0131 g\u00fcn esas al\u0131n\u0131r. Cayma hakk\u0131n\u0131n kullan\u0131lmas\u0131 i\u00e7in yasal s\u00fcresi i\u00e7erisinde, S\u00f6zle\u015fme\u2019de de yer alan Cayma Hakk\u0131 Formu kullan\u0131larak MY MOTO SHOP\u2019e faks veya e-posta vas\u0131tas\u0131 ile a\u00e7\u0131k bir \u015fekilde bildirimde bulunulmas\u0131 gereklidir. M\u00dc\u015eTER\u0130, a\u015fa\u011f\u0131daki hallerde cayma hakk\u0131n\u0131 kullanamaz: T\u00fcketicinin istekleri veya ki\u015fisel ihtiya\u00e7lar\u0131 do\u011frultusunda haz\u0131rlanan \u00fcr\u00fcnler. \u00c7abuk bozulabilen veya son kullanma tarihi ge\u00e7ebilecek \u00fcr\u00fcnler. Tesliminden sonra ambalaj, bant, m\u00fch\u00fcr, paket gibi koruyucu unsurlar\u0131 a\u00e7\u0131lm\u0131\u015f olan mallardan; iadesi sa\u011fl\u0131k ve hijyen a\u00e7\u0131s\u0131ndan uygun olmayan \u00fcr\u00fcnler. Tesliminden sonra ba\u015fka \u00fcr\u00fcnlerle kar\u0131\u015fan ve do\u011fas\u0131 gere\u011fi ayr\u0131\u015ft\u0131r\u0131lmas\u0131 m\u00fcmk\u00fcn olmayan \u00fcr\u00fcnler.<\/p>\n\n\n\n<p>III- \u0130ADE KO\u015eULLARI:<\/p>\n\n\n\n<p>S\u00fcresinde cayma hakk\u0131 kullan\u0131lan \u00fcr\u00fcn\u00fcn iade i\u015flemlerinin tamamlanabilmesi i\u00e7in a\u015fa\u011f\u0131daki ko\u015fullar\u0131n kar\u015f\u0131lanmas\u0131 gerekmektedir.<\/p>\n\n\n\n<p>\u201c\u00dcr\u00fcnlerimizi, teslim tarihinden itibaren 14 g\u00fcn i\u00e7inde \u00fccretsiz olarak iade edebilirsiniz. \u0130ade kargo \u00fccreti firmam\u0131z taraf\u0131ndan kar\u015f\u0131lan\u0131r.\u201d<\/p>\n\n\n\n<p>Cayma hakk\u0131n\u0131n kullan\u0131lmas\u0131 halinde, M\u00dc\u015eTER\u0130 cayma hakk\u0131n\u0131n kullan\u0131ld\u0131\u011f\u0131na ili\u015fkin bildirimin yap\u0131ld\u0131\u011f\u0131 tarihten itibaren 14 (ond\u00f6rt) g\u00fcn i\u00e7erisinde \u00fcr\u00fcn\u00fc MY MOTO SHOP\u2019e sevk irsaliyesinin bir n\u00fcshas\u0131 ile birlikte iade sebebini ve talebini a\u00e7\u0131k\u00e7a beyan ederek g\u00f6nderir. M\u00dc\u015eTER\u0130\u2019ye veya M\u00dc\u015eTER\u0130\u2019nin g\u00f6sterdi\u011fi teslimat adresindeki ki\u015fiye\/kurulu\u015fa teslim edilen \u00fcr\u00fcn\u00fcn MY MOTO SHOP\u2019a g\u00f6nderildi\u011fine ili\u015fkin kargo teslim tutana\u011f\u0131 \u00f6rne\u011finin yahut kargo takip numaras\u0131 bilgisinin ve ayr\u0131ca fatura asl\u0131 \u00fcr\u00fcn ile birlikte g\u00f6nderilmi\u015f ise fatura asl\u0131n\u0131n da MY MOTO SHOP\u2019a g\u00f6nderilmesi\/bildirilmesi zorunludur.<\/p>\n\n\n\n<p>\u00dcr\u00fcn kurumsal olarak sat\u0131n al\u0131nm\u0131\u015f ise, \u00fcr\u00fcn g\u00f6nderimi iade faturas\u0131 d\u00fczenlenerek yap\u0131lmal\u0131d\u0131r.<br>\u00dcr\u00fcnle birlikte al\u0131nan hediye ya da kampanyal\u0131 \u00fcr\u00fcn varsa, ilgili \u00fcr\u00fcnler de iade olarak g\u00f6nderilmelidir. Bununla birlikte (kusurlu \u00fcr\u00fcn hari\u00e7) iade talebine konu olan \u00fcr\u00fcn\u00fcn iade al\u0131nmas\u0131 sonras\u0131nda, ilgili sipari\u015fin dahil oldu\u011fu bir kampanya varsa, iade sonras\u0131nda kampanya ko\u015fullar\u0131ndaki herhangi bir ko\u015ful kar\u015f\u0131lanamayacak olmamal\u0131d\u0131r. \u00d6rne\u011fin belli bir miktarda al\u0131\u015fveri\u015f yap\u0131ld\u0131\u011f\u0131nda verilen hediye \u00e7eklerinin bedeli, iadeden sonra bu hediye \u00e7ekine hak kazanmaya yetecek derecede \u00fcr\u00fcn t\u00fcketicide kalmam\u0131\u015f ise \u00fccret iadesi bedelinden d\u00fc\u015f\u00fcl\u00fcr.<\/p>\n\n\n\n<p>\u00dcr\u00fcn, kargo firmas\u0131na teslim edilmeden \u00f6nce, M\u00dc\u015eTER\u0130 taraf\u0131ndan hasar g\u00f6rmeyecek \u015fekilde paketlenmelidir.<br>Cayma hakk\u0131 kullan\u0131larak iade edilen \u00fcr\u00fcn\u00fcn iade kargo bedeli M\u00dc\u015eTER\u0130\u2019ye aittir.<br>\u0130ade edilmek istenen \u00fcr\u00fcn MY MOTO SHOP\u2019a ula\u015ft\u0131\u011f\u0131nda, MY MOTO SHOP\u2019in iade ekibince incelenecektir. \u0130nceleme s\u00fcresi 7 i\u015f g\u00fcn\u00fcd\u00fcr. Bu s\u00fcreye hafta sonu ve resmi tatil g\u00fcnleri dahil de\u011fildir. \u0130nceleme sonucunda iade ko\u015fullar\u0131n\u0131 kar\u015f\u0131lad\u0131\u011f\u0131 tespit edilen \u00fcr\u00fcnlerden; M\u00dc\u015eTER\u0130\u2019nin iadesini istedi\u011fi \u00fcr\u00fcnlerin \u00fccret iadesi yap\u0131lacakt\u0131r. M\u00dc\u015eTER\u0130\u2019nin de\u011fi\u015fim istedi\u011fi taleplerde ise, ilgili \u00fcr\u00fcn stoklarda varsa M\u00dc\u015eTER\u0130\u2019ye g\u00f6nderilecek, aksi durumda \u00fccret iadesi yap\u0131lacakt\u0131r.<br>\u0130ade talebi olumlu sonu\u00e7land\u0131\u011f\u0131nda, \u00fccret iadesi, al\u0131\u015fveri\u015f a\u015famas\u0131nda kullan\u0131lan kart\u0131n ait oldu\u011fu bankaya yap\u0131lacakt\u0131r. \u00dccret iadesi yap\u0131ld\u0131\u011f\u0131nda M\u00dc\u015eTER\u0130\u2019ye e-posta ile bilgilendirme yap\u0131lmaktad\u0131r. \u00dccret iadesinin M\u00dc\u015eTER\u0130 hesab\u0131na yans\u0131ma s\u00fcresi, i\u015flem yap\u0131lan bankaya g\u00f6re 1 ila 8 i\u015f g\u00fcn\u00fc aras\u0131nda de\u011fi\u015febilmektedir.<br>\u0130nternet \u00fczerinden sat\u0131n al\u0131nan \u00fcr\u00fcn\u00fcn iade ya da de\u011fi\u015fim i\u015flemi MY MOTO SHOP sat\u0131\u015f noktalar\u0131ndan yap\u0131lamamaktad\u0131r.<\/p>\n\n\n\n<p>MY MOTO SHOP \u00dcr\u00fcn \u0130ade Adresi:<\/p>\n\n\n\n<p>Vatan, G\u00fcrkan Sok NO:9\/A, 34034 Bayrampa\u015fa\/\u0130stanbul<\/p>","protected":false},"excerpt":{"rendered":"<p>I- TESL\u0130MAT KO\u015eULLARI MY MOTO SHOP, M\u00dc\u015eTER\u0130 ile aras\u0131nda Mesafeli Sat\u0131\u015f S\u00f6zle\u015fmesi\u2019nin (\u201cS\u00f6zle\u015fme\u201d) olu\u015ftu\u011fu tarihten itibaren en fazla 30 (otuz) g\u00fcn i\u00e7erisinde S\u00f6zle\u015fme konusu \u00fcr\u00fcn\u00fc sa\u011flam, eksiksiz, sipari\u015fte belirtilen niteliklere uygun olarak, anla\u015fmal\u0131 kargo \u015firketi arac\u0131l\u0131\u011f\u0131 ile M\u00dc\u015eTER\u0130\u2019n\u0131n sipari\u015f s\u0131ras\u0131nda bildirdi\u011fi adreste M\u00dc\u015eTER\u0130\u2019ya veya adresteki ki\u015fiye\/kurulu\u015fa elden teslim eder.S\u00f6zle\u015fme konusu \u00fcr\u00fcn\u00fcn teslimat\u0131 MY MOTO SHOP\u2019in [&hellip;]<\/p>\n","protected":false},"author":1,"featured_media":0,"parent":0,"menu_order":0,"comment_status":"closed","ping_status":"closed","template":"","meta":{"footnotes":""},"class_list":["post-2428","page","type-page","status-publish","hentry"],"_hostinger_reach_plugin_has_subscription_block":false,"_hostinger_reach_plugin_is_elementor":false,"_links":{"self":[{"href":"https:\/\/mymotoshop.com.tr\/en\/wp-json\/wp\/v2\/pages\/2428","targetHints":{"allow":["GET"]}}],"collection":[{"href":"https:\/\/mymotoshop.com.tr\/en\/wp-json\/wp\/v2\/pages"}],"about":[{"href":"https:\/\/mymotoshop.com.tr\/en\/wp-json\/wp\/v2\/types\/page"}],"author":[{"embeddable":true,"href":"https:\/\/mymotoshop.com.tr\/en\/wp-json\/wp\/v2\/users\/1"}],"replies":[{"embeddable":true,"href":"https:\/\/mymotoshop.com.tr\/en\/wp-json\/wp\/v2\/comments?post=2428"}],"version-history":[{"count":1,"href":"https:\/\/mymotoshop.com.tr\/en\/wp-json\/wp\/v2\/pages\/2428\/revisions"}],"predecessor-version":[{"id":2429,"href":"https:\/\/mymotoshop.com.tr\/en\/wp-json\/wp\/v2\/pages\/2428\/revisions\/2429"}],"wp:attachment":[{"href":"https:\/\/mymotoshop.com.tr\/en\/wp-json\/wp\/v2\/media?parent=2428"}],"curies":[{"name":"wp","href":"https:\/\/api.w.org\/{rel}","templated":true}]}}