{"id":2267,"date":"2026-04-10T10:53:45","date_gmt":"2026-04-10T07:53:45","guid":{"rendered":"https:\/\/mymotoshop.com.tr\/?post_type=product&#038;p=2267"},"modified":"2026-04-21T11:06:36","modified_gmt":"2026-04-21T08:06:36","slug":"anlas-90-90-12-sc-360-4-mevsim-motosiklet-lastigi","status":"publish","type":"product","link":"https:\/\/mymotoshop.com.tr\/en\/product\/anlas-90-90-12-sc-360-4-mevsim-motosiklet-lastigi\/","title":{"rendered":"ANLAS 90\/90-12 SC-360 4-SEASON Motorcycle Tyre"},"content":{"rendered":"<table id=\"ebat\">\n<tbody>\n<tr>\n<th>Ebb<\/th>\n<th>Load and Speed Index<\/th>\n<\/tr>\n<tr>\n<td>90\/90-12<\/td>\n<td>44J<\/td>\n<\/tr>\n<\/tbody>\n<\/table>\n<p><strong>Yeni yol arkada\u015f\u0131n\u0131z<\/strong><\/p>\n<p><img loading=\"lazy\" decoding=\"async\" class=\"alignnone size-medium wp-image-2178\" src=\"https:\/\/mymotoshop.com.tr\/wp-content\/uploads\/2019\/05\/all-grip-lastik-300x55.webp\" alt=\"all-grip-lastik\" width=\"300\" height=\"55\" srcset=\"https:\/\/mymotoshop.com.tr\/wp-content\/uploads\/2019\/05\/all-grip-lastik-300x55.webp 300w, https:\/\/mymotoshop.com.tr\/wp-content\/uploads\/2019\/05\/all-grip-lastik-600x109.webp 600w, https:\/\/mymotoshop.com.tr\/wp-content\/uploads\/2019\/05\/all-grip-lastik-18x3.webp 18w, https:\/\/mymotoshop.com.tr\/wp-content\/uploads\/2019\/05\/all-grip-lastik-590x111.webp 590w, https:\/\/mymotoshop.com.tr\/wp-content\/uploads\/2019\/05\/all-grip-lastik-450x82.webp 450w, https:\/\/mymotoshop.com.tr\/wp-content\/uploads\/2019\/05\/all-grip-lastik-595x108.webp 595w, https:\/\/mymotoshop.com.tr\/wp-content\/uploads\/2019\/05\/all-grip-lastik.webp 609w\" sizes=\"auto, (max-width: 300px) 100vw, 300px\" \/><\/p>\n<p>Yeni SC360 AllGrip, \u0131slak ve kuru t\u00fcm yol \u015fartlar\u0131nda\u00a0maksimum g\u00fcven sa\u011flamak\u00a0\u00fczere tasarland\u0131.<\/p>\n<p>Her t\u00fcrl\u00fc yol \u015fart\u0131nda daha keyifli ve g\u00fcvenli s\u00fcr\u00fc\u015f deneyimi sa\u011flayan\u00a0SC360\u00a0AllGrip,\u00a0bir yol arkada\u015f\u0131nda olmas\u0131 gereken t\u00fcm \u00f6zelliklere sahip:<\/p>\n<ul>\n<li>De\u011fi\u015fken yol \u015fartlar\u0131nda g\u00fcvenli performans i\u00e7in tasarlanm\u0131\u015f \u00f6zel desen<\/li>\n<li>Y\u00fcksek yol tutu\u015fu ve uzun \u00f6mre sahip s\u0131rt hamuru<\/li>\n<li>\u015eehir i\u00e7i s\u00fcr\u00fc\u015f konforu ve y\u00fcksek stabilitesi sa\u011flayan karkas yap\u0131s\u0131<\/li>\n<\/ul>\n<p>&nbsp;<\/p>\n<p><strong>As MY MOTO SHOP, we [offer] quality for every riding style. <\/strong><strong>We present motorcycle tyres to you in the most accurate way.<\/strong><\/p>\n<p><strong>\u2013 PERFORMANCE AND TRUST TOGETHER.<\/strong><\/p>\n<p><strong>\u2013 ALL OUR PRODUCTS ARE GUARANTEED FOR 2 YEARS.<\/strong><\/p>\n<p><strong>\u2013 ALL OUR PRODUCTS WERE MANUFACTURED IN 2026.<\/strong><\/p>\n<table>\n<thead>\n<tr>\n<td><strong>Brand<\/strong><\/td>\n<td><strong>Model<\/strong><\/td>\n<td><strong>Konum<\/strong><\/td>\n<\/tr>\n<\/thead>\n<tbody>\n<tr>\n<td><strong>Honda<\/strong><\/td>\n<td>Spacy 110 (Eski ve Yeni Seri)<\/td>\n<td>\u00d6n<\/td>\n<\/tr>\n<tr>\n<td><strong>Honda<\/strong><\/td>\n<td>Activa 125<\/td>\n<td>\u00d6n<\/td>\n<\/tr>\n<tr>\n<td><strong>Honda<\/strong><\/td>\n<td>Lead 110 \/ 125<\/td>\n<td>\u00d6n<\/td>\n<\/tr>\n<tr>\n<td><strong>SYM<\/strong><\/td>\n<td>Fiddle II \/ III \/ IV (50cc &amp; 125cc)<\/td>\n<td>\u00d6n<\/td>\n<\/tr>\n<tr>\n<td><strong>SYM<\/strong><\/td>\n<td>Orbit II \/ III<\/td>\n<td>\u00d6n<\/td>\n<\/tr>\n<tr>\n<td><strong>Yamaha<\/strong><\/td>\n<td>D&#8217;elight 125 (2017 \u00f6ncesi)<\/td>\n<td>\u00d6n<\/td>\n<\/tr>\n<tr>\n<td><strong>Yamaha<\/strong><\/td>\n<td>Cygnus Ray ZR<\/td>\n<td>\u00d6n<\/td>\n<\/tr>\n<tr>\n<td><strong>TVS<\/strong><\/td>\n<td>Jupiter<\/td>\n<td>\u00d6n ve Arka<\/td>\n<\/tr>\n<tr>\n<td><strong>Hero<\/strong><\/td>\n<td>Duet \/ Pleasure<\/td>\n<td>\u00d6n<\/td>\n<\/tr>\n<tr>\n<td><strong>Kymco<\/strong><\/td>\n<td>Like 125 \/ 150<\/td>\n<td>\u00d6n<\/td>\n<\/tr>\n<tr>\n<td><strong>Peugeot<\/strong><\/td>\n<td>Django 125 \/ 150<\/td>\n<td>\u00d6n<\/td>\n<\/tr>\n<tr>\n<td><strong>Arora<\/strong><\/td>\n<td>Cappuccino (12 in\u00e7 versiyonlar)<\/td>\n<td>\u00d6n<\/td>\n<\/tr>\n<tr>\n<td><strong>Cuba<\/strong><\/td>\n<td>Pesaro 50 \/ 125<\/td>\n<td>\u00d6n<\/td>\n<\/tr>\n<\/tbody>\n<\/table>","protected":false},"excerpt":{"rendered":"<p>Ebat Y\u00fck ve H\u0131z Endeksi 90\/90-12 44J Yeni yol arkada\u015f\u0131n\u0131z Yeni SC360 AllGrip, \u0131slak ve kuru t\u00fcm yol \u015fartlar\u0131nda\u00a0maksimum g\u00fcven sa\u011flamak\u00a0\u00fczere tasarland\u0131. Her t\u00fcrl\u00fc yol \u015fart\u0131nda daha keyifli ve g\u00fcvenli s\u00fcr\u00fc\u015f deneyimi sa\u011flayan\u00a0SC360\u00a0AllGrip,\u00a0bir yol arkada\u015f\u0131nda olmas\u0131 gereken t\u00fcm \u00f6zelliklere sahip: De\u011fi\u015fken yol \u015fartlar\u0131nda g\u00fcvenli performans i\u00e7in tasarlanm\u0131\u015f \u00f6zel desen Y\u00fcksek yol tutu\u015fu ve uzun \u00f6mre [&hellip;]<\/p>\n","protected":false},"featured_media":2177,"comment_status":"closed","ping_status":"closed","template":"","meta":[],"product_brand":[270,243,260,272,273,256,259,253,244],"product_cat":[166,274],"product_tag":[240,280,241],"class_list":{"0":"post-2267","1":"product","2":"type-product","3":"status-publish","4":"has-post-thumbnail","6":"product_brand-aprilia","7":"product_brand-honda","8":"product_brand-kymco","9":"product_brand-peugeot","10":"product_brand-piaggio","11":"product_brand-suzuki","12":"product_brand-sym","13":"product_brand-vespa","14":"product_brand-yamaha","15":"product_cat-4-mevsim-lastikler","16":"product_cat-motosiklet-lastikleri","17":"product_tag-4-mevsim-motosiklet-lastigi","18":"product_tag-90-90-12-44j","19":"product_tag-allgrip-lastik","20":"pa_jant-capi-219","21":"pa_taban-genisligimm-203","22":"pa_yanak-yuksekligi-238","23":"pa_yuk-ve-hiz-endeksi-44j","25":"first","26":"instock","27":"featured","28":"taxable","29":"shipping-taxable","30":"purchasable","31":"product-type-simple"},"_links":{"self":[{"href":"https:\/\/mymotoshop.com.tr\/en\/wp-json\/wp\/v2\/product\/2267","targetHints":{"allow":["GET"]}}],"collection":[{"href":"https:\/\/mymotoshop.com.tr\/en\/wp-json\/wp\/v2\/product"}],"about":[{"href":"https:\/\/mymotoshop.com.tr\/en\/wp-json\/wp\/v2\/types\/product"}],"replies":[{"embeddable":true,"href":"https:\/\/mymotoshop.com.tr\/en\/wp-json\/wp\/v2\/comments?post=2267"}],"wp:featuredmedia":[{"embeddable":true,"href":"https:\/\/mymotoshop.com.tr\/en\/wp-json\/wp\/v2\/media\/2177"}],"wp:attachment":[{"href":"https:\/\/mymotoshop.com.tr\/en\/wp-json\/wp\/v2\/media?parent=2267"}],"wp:term":[{"taxonomy":"product_brand","embeddable":true,"href":"https:\/\/mymotoshop.com.tr\/en\/wp-json\/wp\/v2\/product_brand?post=2267"},{"taxonomy":"product_cat","embeddable":true,"href":"https:\/\/mymotoshop.com.tr\/en\/wp-json\/wp\/v2\/product_cat?post=2267"},{"taxonomy":"product_tag","embeddable":true,"href":"https:\/\/mymotoshop.com.tr\/en\/wp-json\/wp\/v2\/product_tag?post=2267"}],"curies":[{"name":"wp","href":"https:\/\/api.w.org\/{rel}","templated":true}]}}