{"id":2274,"date":"2026-04-10T11:06:21","date_gmt":"2026-04-10T08:06:21","guid":{"rendered":"https:\/\/mymotoshop.com.tr\/?post_type=product&#038;p=2274"},"modified":"2026-04-21T11:20:35","modified_gmt":"2026-04-21T08:20:35","slug":"anlas-100-90-10-90-90-12-sc-360-4-mevsim-on-arka-takim-lastik","status":"publish","type":"product","link":"https:\/\/mymotoshop.com.tr\/en\/product\/anlas-100-90-10-90-90-12-sc-360-4-mevsim-on-arka-takim-lastik\/","title":{"rendered":"ANLAS 100\/90-10 &#8211; 90\/90-12 SC-360 4 MEVS\u0130M \u00d6N \u2013 ARKA TAKIM LAST\u0130K"},"content":{"rendered":"<table id=\"ebat\">\n<tbody>\n<tr>\n<th>Ebb<\/th>\n<th>Load and Speed Index<\/th>\n<\/tr>\n<tr>\n<td>100\/90-10<\/td>\n<td>56J<\/td>\n<\/tr>\n<tr>\n<td>90\/90-12<\/td>\n<td>44J<\/td>\n<\/tr>\n<\/tbody>\n<\/table>\n<p><strong>Yeni yol arkada\u015f\u0131n\u0131z<\/strong><\/p>\n<p><img loading=\"lazy\" decoding=\"async\" class=\"alignnone size-medium wp-image-2178\" src=\"https:\/\/mymotoshop.com.tr\/wp-content\/uploads\/2019\/05\/all-grip-lastik-300x55.webp\" alt=\"all-grip-lastik\" width=\"300\" height=\"55\" srcset=\"https:\/\/mymotoshop.com.tr\/wp-content\/uploads\/2019\/05\/all-grip-lastik-300x55.webp 300w, https:\/\/mymotoshop.com.tr\/wp-content\/uploads\/2019\/05\/all-grip-lastik-600x109.webp 600w, https:\/\/mymotoshop.com.tr\/wp-content\/uploads\/2019\/05\/all-grip-lastik-18x3.webp 18w, https:\/\/mymotoshop.com.tr\/wp-content\/uploads\/2019\/05\/all-grip-lastik-590x111.webp 590w, https:\/\/mymotoshop.com.tr\/wp-content\/uploads\/2019\/05\/all-grip-lastik-450x82.webp 450w, https:\/\/mymotoshop.com.tr\/wp-content\/uploads\/2019\/05\/all-grip-lastik-595x108.webp 595w, https:\/\/mymotoshop.com.tr\/wp-content\/uploads\/2019\/05\/all-grip-lastik.webp 609w\" sizes=\"auto, (max-width: 300px) 100vw, 300px\" \/><\/p>\n<p>Yeni SC360 AllGrip, \u0131slak ve kuru t\u00fcm yol \u015fartlar\u0131nda\u00a0maksimum g\u00fcven sa\u011flamak\u00a0\u00fczere tasarland\u0131.<\/p>\n<p>Her t\u00fcrl\u00fc yol \u015fart\u0131nda daha keyifli ve g\u00fcvenli s\u00fcr\u00fc\u015f deneyimi sa\u011flayan\u00a0SC360\u00a0AllGrip,\u00a0bir yol arkada\u015f\u0131nda olmas\u0131 gereken t\u00fcm \u00f6zelliklere sahip:<\/p>\n<ul>\n<li>De\u011fi\u015fken yol \u015fartlar\u0131nda g\u00fcvenli performans i\u00e7in tasarlanm\u0131\u015f \u00f6zel desen<\/li>\n<li>Y\u00fcksek yol tutu\u015fu ve uzun \u00f6mre sahip s\u0131rt hamuru<\/li>\n<li>\u015eehir i\u00e7i s\u00fcr\u00fc\u015f konforu ve y\u00fcksek stabilitesi sa\u011flayan karkas yap\u0131s\u0131<\/li>\n<\/ul>\n<p>&nbsp;<\/p>\n<p><strong>As MY MOTO SHOP, we [offer] quality for every riding style. <\/strong><strong>We present motorcycle tyres to you in the most accurate way.<\/strong><\/p>\n<p><strong>\u2013 PERFORMANCE AND TRUST TOGETHER.<\/strong><\/p>\n<p><strong>\u2013 ALL OUR PRODUCTS ARE GUARANTEED FOR 2 YEARS.<\/strong><\/p>\n<p><strong>\u2013 ALL OUR PRODUCTS WERE MANUFACTURED IN 2026.<\/strong><\/p>\n<table>\n<thead>\n<tr>\n<td><strong>Brand<\/strong><\/td>\n<td><strong>Model<\/strong><\/td>\n<td><strong>No<\/strong><\/td>\n<\/tr>\n<\/thead>\n<tbody>\n<tr>\n<td><strong>SYM<\/strong><\/td>\n<td>Fiddle III 125 \/ 150 \/ 200<\/td>\n<td>Bu setin d\u00fcnyadaki en b\u00fcy\u00fck al\u0131c\u0131s\u0131d\u0131r.<\/td>\n<\/tr>\n<tr>\n<td><strong>SYM<\/strong><\/td>\n<td>Fiddle IV 125 \/ 200<\/td>\n<td>G\u00fcncel kasa, tam uyum.<\/td>\n<\/tr>\n<tr>\n<td><strong>Honda<\/strong><\/td>\n<td>Spacy 110 \/ Spacy Alpha<\/td>\n<td>T\u00fcrkiye kurye sekt\u00f6r\u00fcn\u00fcn vazge\u00e7ilmez seti.<\/td>\n<\/tr>\n<tr>\n<td><strong>Honda<\/strong><\/td>\n<td>Activa S<\/td>\n<td>Perfect fit.<\/td>\n<\/tr>\n<tr>\n<td><strong>Honda<\/strong><\/td>\n<td>Activa 125<\/td>\n<td>Perfect fit.<\/td>\n<\/tr>\n<tr>\n<td><strong>Honda<\/strong><\/td>\n<td>Lead 125 (Yeni Nesil)<\/td>\n<td>Perfect fit.<\/td>\n<\/tr>\n<tr>\n<td><strong>Yamaha<\/strong><\/td>\n<td>D&#8217;elight 125 (2017 ve sonras\u0131)<\/td>\n<td>Perfect fit.<\/td>\n<\/tr>\n<tr>\n<td><strong>Kymco<\/strong><\/td>\n<td>Like 125 \/ 150 \/ 200<\/td>\n<td>Perfect fit.<\/td>\n<\/tr>\n<tr>\n<td><strong>SYM<\/strong><\/td>\n<td>Orbit II \/ III 125<\/td>\n<td>Perfect fit.<\/td>\n<\/tr>\n<tr>\n<td><strong>Arora<\/strong><\/td>\n<td>Cappuccino 50 \/ 125<\/td>\n<td>Pop\u00fcler nostalji serisi, tam uyum.<\/td>\n<\/tr>\n<tr>\n<td><strong>Cuba<\/strong><\/td>\n<td>Pesaro 125<\/td>\n<td>Perfect fit.<\/td>\n<\/tr>\n<tr>\n<td><strong>RKS<\/strong><\/td>\n<td>Azure 50 \/ 125<\/td>\n<td>Baz\u0131 versiyonlarda bu kombinasyon kullan\u0131l\u0131r.<\/td>\n<\/tr>\n<\/tbody>\n<\/table>","protected":false},"excerpt":{"rendered":"<p>Ebat Y\u00fck ve H\u0131z Endeksi 100\/90-10 56J 90\/90-12 44J Yeni yol arkada\u015f\u0131n\u0131z Yeni SC360 AllGrip, \u0131slak ve kuru t\u00fcm yol \u015fartlar\u0131nda\u00a0maksimum g\u00fcven sa\u011flamak\u00a0\u00fczere tasarland\u0131. Her t\u00fcrl\u00fc yol \u015fart\u0131nda daha keyifli ve g\u00fcvenli s\u00fcr\u00fc\u015f deneyimi sa\u011flayan\u00a0SC360\u00a0AllGrip,\u00a0bir yol arkada\u015f\u0131nda olmas\u0131 gereken t\u00fcm \u00f6zelliklere sahip: De\u011fi\u015fken yol \u015fartlar\u0131nda g\u00fcvenli performans i\u00e7in tasarlanm\u0131\u015f \u00f6zel desen Y\u00fcksek yol tutu\u015fu ve [&hellip;]<\/p>\n","protected":false},"featured_media":2176,"comment_status":"closed","ping_status":"closed","template":"","meta":[],"product_brand":[270,243,260,272,273,256,259,253,244],"product_cat":[166,274,172],"product_tag":[286,240,241,282],"class_list":{"0":"post-2274","1":"product","2":"type-product","3":"status-publish","4":"has-post-thumbnail","6":"product_brand-aprilia","7":"product_brand-honda","8":"product_brand-kymco","9":"product_brand-peugeot","10":"product_brand-piaggio","11":"product_brand-suzuki","12":"product_brand-sym","13":"product_brand-vespa","14":"product_brand-yamaha","15":"product_cat-4-mevsim-lastikler","16":"product_cat-motosiklet-lastikleri","17":"product_cat-on-arka-takim-lastikler","18":"product_tag-100-90-10-56j-90-90-12-44j","19":"product_tag-4-mevsim-motosiklet-lastigi","20":"product_tag-allgrip-lastik","21":"product_tag-on-arka-takim-lastik","22":"pa_jant-capi-218","23":"pa_taban-genisligimm-204","24":"pa_yanak-yuksekligi-238","25":"pa_yuk-ve-hiz-endeksi-56j","27":"first","28":"instock","29":"featured","30":"taxable","31":"shipping-taxable","32":"purchasable","33":"product-type-simple"},"_links":{"self":[{"href":"https:\/\/mymotoshop.com.tr\/en\/wp-json\/wp\/v2\/product\/2274","targetHints":{"allow":["GET"]}}],"collection":[{"href":"https:\/\/mymotoshop.com.tr\/en\/wp-json\/wp\/v2\/product"}],"about":[{"href":"https:\/\/mymotoshop.com.tr\/en\/wp-json\/wp\/v2\/types\/product"}],"replies":[{"embeddable":true,"href":"https:\/\/mymotoshop.com.tr\/en\/wp-json\/wp\/v2\/comments?post=2274"}],"wp:featuredmedia":[{"embeddable":true,"href":"https:\/\/mymotoshop.com.tr\/en\/wp-json\/wp\/v2\/media\/2176"}],"wp:attachment":[{"href":"https:\/\/mymotoshop.com.tr\/en\/wp-json\/wp\/v2\/media?parent=2274"}],"wp:term":[{"taxonomy":"product_brand","embeddable":true,"href":"https:\/\/mymotoshop.com.tr\/en\/wp-json\/wp\/v2\/product_brand?post=2274"},{"taxonomy":"product_cat","embeddable":true,"href":"https:\/\/mymotoshop.com.tr\/en\/wp-json\/wp\/v2\/product_cat?post=2274"},{"taxonomy":"product_tag","embeddable":true,"href":"https:\/\/mymotoshop.com.tr\/en\/wp-json\/wp\/v2\/product_tag?post=2274"}],"curies":[{"name":"wp","href":"https:\/\/api.w.org\/{rel}","templated":true}]}}