{"id":2277,"date":"2026-04-10T11:11:38","date_gmt":"2026-04-10T08:11:38","guid":{"rendered":"https:\/\/mymotoshop.com.tr\/?post_type=product&#038;p=2277"},"modified":"2026-04-21T11:22:19","modified_gmt":"2026-04-21T08:22:19","slug":"anlas-3-50-10-3-50-10-sc-360-4-mevsim-on-arka-takim-lastik","status":"publish","type":"product","link":"https:\/\/mymotoshop.com.tr\/en\/product\/anlas-3-50-10-3-50-10-sc-360-4-mevsim-on-arka-takim-lastik\/","title":{"rendered":"ANLAS 3.50-10 \u2013 3.50-10 SC-360 4 MEVS\u0130M \u00d6N \u2013 ARKA TAKIM LAST\u0130K"},"content":{"rendered":"<table id=\"ebat\">\n<tbody>\n<tr>\n<th>Ebb<\/th>\n<th>Load and Speed Index<\/th>\n<\/tr>\n<tr>\n<td>3.50-10<\/td>\n<td>51J<\/td>\n<\/tr>\n<\/tbody>\n<\/table>\n<p><strong>Yeni yol arkada\u015f\u0131n\u0131z<\/strong><\/p>\n<p><img loading=\"lazy\" decoding=\"async\" class=\"alignnone size-medium wp-image-2178\" src=\"https:\/\/mymotoshop.com.tr\/wp-content\/uploads\/2019\/05\/all-grip-lastik-300x55.webp\" alt=\"all-grip-lastik\" width=\"300\" height=\"55\" srcset=\"https:\/\/mymotoshop.com.tr\/wp-content\/uploads\/2019\/05\/all-grip-lastik-300x55.webp 300w, https:\/\/mymotoshop.com.tr\/wp-content\/uploads\/2019\/05\/all-grip-lastik-600x109.webp 600w, https:\/\/mymotoshop.com.tr\/wp-content\/uploads\/2019\/05\/all-grip-lastik-18x3.webp 18w, https:\/\/mymotoshop.com.tr\/wp-content\/uploads\/2019\/05\/all-grip-lastik-590x111.webp 590w, https:\/\/mymotoshop.com.tr\/wp-content\/uploads\/2019\/05\/all-grip-lastik-450x82.webp 450w, https:\/\/mymotoshop.com.tr\/wp-content\/uploads\/2019\/05\/all-grip-lastik-595x108.webp 595w, https:\/\/mymotoshop.com.tr\/wp-content\/uploads\/2019\/05\/all-grip-lastik.webp 609w\" sizes=\"auto, (max-width: 300px) 100vw, 300px\" \/><\/p>\n<p>Yeni SC360 AllGrip, \u0131slak ve kuru t\u00fcm yol \u015fartlar\u0131nda\u00a0maksimum g\u00fcven sa\u011flamak\u00a0\u00fczere tasarland\u0131.<\/p>\n<p>Her t\u00fcrl\u00fc yol \u015fart\u0131nda daha keyifli ve g\u00fcvenli s\u00fcr\u00fc\u015f deneyimi sa\u011flayan\u00a0SC360\u00a0AllGrip,\u00a0bir yol arkada\u015f\u0131nda olmas\u0131 gereken t\u00fcm \u00f6zelliklere sahip:<\/p>\n<ul>\n<li>De\u011fi\u015fken yol \u015fartlar\u0131nda g\u00fcvenli performans i\u00e7in tasarlanm\u0131\u015f \u00f6zel desen<\/li>\n<li>Y\u00fcksek yol tutu\u015fu ve uzun \u00f6mre sahip s\u0131rt hamuru<\/li>\n<li>\u015eehir i\u00e7i s\u00fcr\u00fc\u015f konforu ve y\u00fcksek stabilitesi sa\u011flayan karkas yap\u0131s\u0131<\/li>\n<\/ul>\n<p>&nbsp;<\/p>\n<p><strong>As MY MOTO SHOP, we [offer] quality for every riding style. <\/strong><strong>We present motorcycle tyres to you in the most accurate way.<\/strong><\/p>\n<p><strong>\u2013 PERFORMANCE AND TRUST TOGETHER.<\/strong><\/p>\n<p><strong>\u2013 ALL OUR PRODUCTS ARE GUARANTEED FOR 2 YEARS.<\/strong><\/p>\n<p><strong>\u2013 ALL OUR PRODUCTS WERE MANUFACTURED IN 2026.<\/strong><\/p>\n<table>\n<thead>\n<tr>\n<td><strong>Brand<\/strong><\/td>\n<td><strong>Model<\/strong><\/td>\n<td><strong>No<\/strong><\/td>\n<\/tr>\n<\/thead>\n<tbody>\n<tr>\n<td><strong>Vespa<\/strong><\/td>\n<td>PX 125 \/ 150 \/ 200 (Efsane Kasa)<\/td>\n<td>Bu setin d\u00fcnyadaki en ikonik kullan\u0131c\u0131s\u0131.<\/td>\n<\/tr>\n<tr>\n<td><strong>LML<\/strong><\/td>\n<td>Star \/ Deluxe 125 \/ 150<\/td>\n<td>Vespa PX kopyas\u0131, tam uyum.<\/td>\n<\/tr>\n<tr>\n<td><strong>Honda<\/strong><\/td>\n<td>Activa 100 (Eski &#8220;Demir&#8221; Kasa)<\/td>\n<td>T\u00fcrkiye&#8217;nin \u00f6l\u00fcms\u00fcz kurye motoru.<\/td>\n<\/tr>\n<tr>\n<td><strong>Honda<\/strong><\/td>\n<td>Lead 100 \/ 110<\/td>\n<td>Perfect fit.<\/td>\n<\/tr>\n<tr>\n<td><strong>World<\/strong><\/td>\n<td>125 ZNU \/ 50 ZNU (Nostalji)<\/td>\n<td>T\u00fcrkiye&#8217;de \u00e7ok yayg\u0131n olan retro seri.<\/td>\n<\/tr>\n<tr>\n<td><strong>Arora<\/strong><\/td>\n<td>Cappuccino (10 in\u00e7 olan eski seriler)<\/td>\n<td>Perfect fit.<\/td>\n<\/tr>\n<tr>\n<td><strong>Cuba<\/strong><\/td>\n<td>Blueberry \/ Reha \/ Pesaro (10&#8243;)<\/td>\n<td>K\u00fc\u00e7\u00fck segmentin pop\u00fcler modelleri.<\/td>\n<\/tr>\n<tr>\n<td><strong>Yuki<\/strong><\/td>\n<td>Casper \/ Piccolo \/ Lotus<\/td>\n<td>Perfect fit.<\/td>\n<\/tr>\n<tr>\n<td><strong>Bajaj<\/strong><\/td>\n<td>Chetak (Klasik vitesli modeller)<\/td>\n<td>Perfect fit.<\/td>\n<\/tr>\n<tr>\n<td><strong>Bisan<\/strong><\/td>\n<td>Pasifik 100 \/ 125<\/td>\n<td>Perfect fit.<\/td>\n<\/tr>\n<\/tbody>\n<\/table>","protected":false},"excerpt":{"rendered":"<p>Ebat Y\u00fck ve H\u0131z Endeksi 3.50-10 51J Yeni yol arkada\u015f\u0131n\u0131z Yeni SC360 AllGrip, \u0131slak ve kuru t\u00fcm yol \u015fartlar\u0131nda\u00a0maksimum g\u00fcven sa\u011flamak\u00a0\u00fczere tasarland\u0131. Her t\u00fcrl\u00fc yol \u015fart\u0131nda daha keyifli ve g\u00fcvenli s\u00fcr\u00fc\u015f deneyimi sa\u011flayan\u00a0SC360\u00a0AllGrip,\u00a0bir yol arkada\u015f\u0131nda olmas\u0131 gereken t\u00fcm \u00f6zelliklere sahip: De\u011fi\u015fken yol \u015fartlar\u0131nda g\u00fcvenli performans i\u00e7in tasarlanm\u0131\u015f \u00f6zel desen Y\u00fcksek yol tutu\u015fu ve uzun \u00f6mre [&hellip;]<\/p>\n","protected":false},"featured_media":2176,"comment_status":"closed","ping_status":"closed","template":"","meta":[],"product_brand":[270,243,260,272,273,256,259,253,244],"product_cat":[166,274,172],"product_tag":[279,240,241,282],"class_list":{"0":"post-2277","1":"product","2":"type-product","3":"status-publish","4":"has-post-thumbnail","6":"product_brand-aprilia","7":"product_brand-honda","8":"product_brand-kymco","9":"product_brand-peugeot","10":"product_brand-piaggio","11":"product_brand-suzuki","12":"product_brand-sym","13":"product_brand-vespa","14":"product_brand-yamaha","15":"product_cat-4-mevsim-lastikler","16":"product_cat-motosiklet-lastikleri","17":"product_cat-on-arka-takim-lastikler","18":"product_tag-3-50-10-51j","19":"product_tag-4-mevsim-motosiklet-lastigi","20":"product_tag-allgrip-lastik","21":"product_tag-on-arka-takim-lastik","22":"pa_jant-capi-218","23":"pa_taban-genisligimm-204","24":"pa_yanak-yuksekligi-238","25":"pa_yuk-ve-hiz-endeksi-51j","27":"first","28":"instock","29":"featured","30":"taxable","31":"shipping-taxable","32":"purchasable","33":"product-type-simple"},"_links":{"self":[{"href":"https:\/\/mymotoshop.com.tr\/en\/wp-json\/wp\/v2\/product\/2277","targetHints":{"allow":["GET"]}}],"collection":[{"href":"https:\/\/mymotoshop.com.tr\/en\/wp-json\/wp\/v2\/product"}],"about":[{"href":"https:\/\/mymotoshop.com.tr\/en\/wp-json\/wp\/v2\/types\/product"}],"replies":[{"embeddable":true,"href":"https:\/\/mymotoshop.com.tr\/en\/wp-json\/wp\/v2\/comments?post=2277"}],"wp:featuredmedia":[{"embeddable":true,"href":"https:\/\/mymotoshop.com.tr\/en\/wp-json\/wp\/v2\/media\/2176"}],"wp:attachment":[{"href":"https:\/\/mymotoshop.com.tr\/en\/wp-json\/wp\/v2\/media?parent=2277"}],"wp:term":[{"taxonomy":"product_brand","embeddable":true,"href":"https:\/\/mymotoshop.com.tr\/en\/wp-json\/wp\/v2\/product_brand?post=2277"},{"taxonomy":"product_cat","embeddable":true,"href":"https:\/\/mymotoshop.com.tr\/en\/wp-json\/wp\/v2\/product_cat?post=2277"},{"taxonomy":"product_tag","embeddable":true,"href":"https:\/\/mymotoshop.com.tr\/en\/wp-json\/wp\/v2\/product_tag?post=2277"}],"curies":[{"name":"wp","href":"https:\/\/api.w.org\/{rel}","templated":true}]}}