{"id":2301,"date":"2026-04-10T11:46:58","date_gmt":"2026-04-10T08:46:58","guid":{"rendered":"https:\/\/mymotoshop.com.tr\/?post_type=product&#038;p=2301"},"modified":"2026-04-21T11:57:02","modified_gmt":"2026-04-21T08:57:02","slug":"anlas-120-70zr17-190-50zr17-viento-sport-on-arka-takim-lastik","status":"publish","type":"product","link":"https:\/\/mymotoshop.com.tr\/en\/product\/anlas-120-70zr17-190-50zr17-viento-sport-on-arka-takim-lastik\/","title":{"rendered":"ANLAS 120\/70ZR17 \u2013 190\/50ZR17 Viento Sport Front \u2013 Rear Tyre Set"},"content":{"rendered":"<table id=\"ebat\">\n<tbody>\n<tr>\n<th>Ebb<\/th>\n<th>Load and Speed Index<\/th>\n<\/tr>\n<tr>\n<td>120\/70ZR17<\/td>\n<td>58W<\/td>\n<\/tr>\n<tr>\n<td>190\/50ZR17<\/td>\n<td>73W<\/td>\n<\/tr>\n<\/tbody>\n<\/table>\n<p><strong>Engage your senses.<\/strong><\/p>\n<p>The new generation Supersport tire, VientoSport, has been developed for high performance at every moment of driving, whether on the track or on the road.<\/p>\n<p><a href=\"https:\/\/mymotoshop.com.tr\/wp-content\/uploads\/2026\/04\/viento.webp\"><img loading=\"lazy\" decoding=\"async\" class=\"alignnone size-medium wp-image-2295\" src=\"https:\/\/mymotoshop.com.tr\/wp-content\/uploads\/2026\/04\/viento-300x25.webp\" alt=\"viento\" width=\"300\" height=\"25\" srcset=\"https:\/\/mymotoshop.com.tr\/wp-content\/uploads\/2026\/04\/viento-300x25.webp 300w, https:\/\/mymotoshop.com.tr\/wp-content\/uploads\/2026\/04\/viento-600x49.webp 600w, https:\/\/mymotoshop.com.tr\/wp-content\/uploads\/2026\/04\/viento-18x1.webp 18w, https:\/\/mymotoshop.com.tr\/wp-content\/uploads\/2026\/04\/viento-590x50.webp 590w, https:\/\/mymotoshop.com.tr\/wp-content\/uploads\/2026\/04\/viento-450x37.webp 450w, https:\/\/mymotoshop.com.tr\/wp-content\/uploads\/2026\/04\/viento-595x49.webp 595w, https:\/\/mymotoshop.com.tr\/wp-content\/uploads\/2026\/04\/viento.webp 609w\" sizes=\"auto, (max-width: 300px) 100vw, 300px\" \/><\/a><\/p>\n<ul>\n<li>Specially designed for sporty driving.<\/li>\n<li>For improved cornering performance and more precise handlebar control.<\/li>\n<\/ul>\n<p>Variable winding technology carcass structure.<\/p>\n<ul>\n<li>Silica-rich tread compound provides maximum grip whether on the street or on the track.<\/li>\n<\/ul>\n<p><strong>As MY MOTO SHOP, we [offer] quality for every riding style. <\/strong><\/p>\n<p><strong>We present motorcycle tyres to you in the most accurate way.<\/strong><\/p>\n<p><strong>\u2013 PERFORMANCE AND TRUST TOGETHER.<\/strong><\/p>\n<p><strong>\u00a0<\/strong><\/p>\n<p><strong>\u2013 ALL OUR PRODUCTS ARE GUARANTEED FOR 2 YEARS.<\/strong><\/p>\n<p><strong>\u2013 ALL OUR PRODUCTS WERE MANUFACTURED IN 2026.<\/strong><\/p>\n<p>&nbsp;<\/p>\n<table>\n<thead>\n<tr>\n<td><strong>Brand<\/strong><\/td>\n<td><strong>Model<\/strong><\/td>\n<td><strong>Segment<\/strong><\/td>\n<\/tr>\n<\/thead>\n<tbody>\n<tr>\n<td><strong>Suzuki<\/strong><\/td>\n<td>GSX-1300R Hayabusa<\/td>\n<td>Hyperbike (Bu ebad\u0131n en me\u015fhur kullan\u0131c\u0131s\u0131)<\/td>\n<\/tr>\n<tr>\n<td><strong>Kowasaki<\/strong><\/td>\n<td>Ninja ZX-14R (ZZR 1400)<\/td>\n<td>Hyperbike (H\u0131z ve g\u00fc\u00e7 canavar\u0131)<\/td>\n<\/tr>\n<tr>\n<td><strong>Kowasaki<\/strong><\/td>\n<td>Z1000 \/ Z1000SX<\/td>\n<td>Super-Naked \/ Sport-Touring<\/td>\n<\/tr>\n<tr>\n<td><strong>Yamaha<\/strong><\/td>\n<td>YZF-R1 (2004 &#8211; 2008 aras\u0131 kasalar)<\/td>\n<td>Superbike<\/td>\n<\/tr>\n<tr>\n<td><strong>Yamaha<\/strong><\/td>\n<td>FZ1 \/ FZ1 Fazer<\/td>\n<td>Naked \/ Sport-Touring<\/td>\n<\/tr>\n<tr>\n<td><strong>Honda<\/strong><\/td>\n<td>CBR 1000RR Fireblade (\u0130lk nesiller)<\/td>\n<td>Superbike<\/td>\n<\/tr>\n<tr>\n<td><strong>Honda<\/strong><\/td>\n<td>VFR 1200 F<\/td>\n<td>Sport-Touring<\/td>\n<\/tr>\n<tr>\n<td><strong>Honda<\/strong><\/td>\n<td>CB 1300<\/td>\n<td>Klasik Super-Naked<\/td>\n<\/tr>\n<tr>\n<td><strong>Suzuki<\/strong><\/td>\n<td>GSX-R 1000 (2001 &#8211; 2008 aras\u0131 modeller)<\/td>\n<td>Superbike<\/td>\n<\/tr>\n<tr>\n<td><strong>Suzuki<\/strong><\/td>\n<td>Bandit 1200 \/ 1250<\/td>\n<td>Naked \/ Touring<\/td>\n<\/tr>\n<tr>\n<td><strong>Suzuki<\/strong><\/td>\n<td>GSX 1400<\/td>\n<td>Kasl\u0131 Naked<\/td>\n<\/tr>\n<tr>\n<td><strong>Triumph<\/strong><\/td>\n<td>Speed Triple 1050 (Eski seriler)<\/td>\n<td>Naked<\/td>\n<\/tr>\n<\/tbody>\n<\/table>","protected":false},"excerpt":{"rendered":"<p>Ebat Y\u00fck ve H\u0131z Endeksi 120\/70ZR17 58W 190\/50ZR17 73W Duyular\u0131n\u0131z\u0131 harekete ge\u00e7irin. Yeni nesil Supersport lasti\u011fi VientoSport; ister pistte, ister caddede, s\u00fcr\u00fc\u015f\u00fcn her an\u0131nda y\u00fcksek performans i\u00e7in geli\u015ftirildi. Sportif s\u00fcr\u00fc\u015f i\u00e7in geli\u015ftirilen \u00f6zel tasar\u0131m Daha y\u00fcksek viraj performans\u0131 ve daha hassas gidon hakimiyeti i\u00e7in de\u011fi\u015fken Sar\u0131m Teknolojili karkas yap\u0131s\u0131 Silika Zengin s\u0131rt hamuru ile ister [&hellip;]<\/p>\n","protected":false},"featured_media":2294,"comment_status":"closed","ping_status":"closed","template":"","meta":[],"product_brand":[245,254,250,243,257,255,256,249,244],"product_cat":[274,172,163],"product_tag":[298,300,282],"class_list":{"0":"post-2301","1":"product","2":"type-product","3":"status-publish","4":"has-post-thumbnail","6":"product_brand-bajaj","7":"product_brand-bmw","8":"product_brand-cfmoto","9":"product_brand-honda","10":"product_brand-kawasaki","11":"product_brand-ktm","12":"product_brand-suzuki","13":"product_brand-tvs","14":"product_brand-yamaha","15":"product_cat-motosiklet-lastikleri","16":"product_cat-on-arka-takim-lastikler","17":"product_cat-supersport-lastikler","18":"product_tag-120-70zr17-58w","19":"product_tag-190-50zr17-73w","20":"product_tag-on-arka-takim-lastik","21":"pa_jant-capi-224","22":"pa_taban-genisligimm-206","23":"pa_yanak-yuksekligi-236","24":"pa_yuk-ve-hiz-endeksi-58w","26":"first","27":"instock","28":"featured","29":"taxable","30":"shipping-taxable","31":"purchasable","32":"product-type-simple"},"_links":{"self":[{"href":"https:\/\/mymotoshop.com.tr\/en\/wp-json\/wp\/v2\/product\/2301","targetHints":{"allow":["GET"]}}],"collection":[{"href":"https:\/\/mymotoshop.com.tr\/en\/wp-json\/wp\/v2\/product"}],"about":[{"href":"https:\/\/mymotoshop.com.tr\/en\/wp-json\/wp\/v2\/types\/product"}],"replies":[{"embeddable":true,"href":"https:\/\/mymotoshop.com.tr\/en\/wp-json\/wp\/v2\/comments?post=2301"}],"wp:featuredmedia":[{"embeddable":true,"href":"https:\/\/mymotoshop.com.tr\/en\/wp-json\/wp\/v2\/media\/2294"}],"wp:attachment":[{"href":"https:\/\/mymotoshop.com.tr\/en\/wp-json\/wp\/v2\/media?parent=2301"}],"wp:term":[{"taxonomy":"product_brand","embeddable":true,"href":"https:\/\/mymotoshop.com.tr\/en\/wp-json\/wp\/v2\/product_brand?post=2301"},{"taxonomy":"product_cat","embeddable":true,"href":"https:\/\/mymotoshop.com.tr\/en\/wp-json\/wp\/v2\/product_cat?post=2301"},{"taxonomy":"product_tag","embeddable":true,"href":"https:\/\/mymotoshop.com.tr\/en\/wp-json\/wp\/v2\/product_tag?post=2301"}],"curies":[{"name":"wp","href":"https:\/\/api.w.org\/{rel}","templated":true}]}}