{"id":2319,"date":"2026-04-13T12:55:15","date_gmt":"2026-04-13T09:55:15","guid":{"rendered":"https:\/\/mymotoshop.com.tr\/?post_type=product&#038;p=2319"},"modified":"2026-04-21T11:59:44","modified_gmt":"2026-04-21T08:59:44","slug":"anlas-150-60zr17-viento-sport-motosiklet-lastigi","status":"publish","type":"product","link":"https:\/\/mymotoshop.com.tr\/en\/product\/anlas-150-60zr17-viento-sport-motosiklet-lastigi\/","title":{"rendered":"ANLAS 150\/60ZR17 Viento Sport Motorcycle Tyre"},"content":{"rendered":"<table id=\"ebat\">\n<tbody>\n<tr>\n<th>Ebb<\/th>\n<th>Load and Speed Index<\/th>\n<\/tr>\n<tr>\n<td>150\/60ZR17<\/td>\n<td>66W<\/td>\n<\/tr>\n<\/tbody>\n<\/table>\n<p><strong>Engage your senses.<\/strong><\/p>\n<p>The new generation Supersport tire, VientoSport, has been developed for high performance at every moment of driving, whether on the track or on the road.<\/p>\n<p><a href=\"https:\/\/mymotoshop.com.tr\/wp-content\/uploads\/2026\/04\/viento.webp\"><img loading=\"lazy\" decoding=\"async\" class=\"alignnone size-medium wp-image-2295\" src=\"https:\/\/mymotoshop.com.tr\/wp-content\/uploads\/2026\/04\/viento-300x25.webp\" alt=\"viento\" width=\"300\" height=\"25\" srcset=\"https:\/\/mymotoshop.com.tr\/wp-content\/uploads\/2026\/04\/viento-300x25.webp 300w, https:\/\/mymotoshop.com.tr\/wp-content\/uploads\/2026\/04\/viento-600x49.webp 600w, https:\/\/mymotoshop.com.tr\/wp-content\/uploads\/2026\/04\/viento-18x1.webp 18w, https:\/\/mymotoshop.com.tr\/wp-content\/uploads\/2026\/04\/viento-590x50.webp 590w, https:\/\/mymotoshop.com.tr\/wp-content\/uploads\/2026\/04\/viento-450x37.webp 450w, https:\/\/mymotoshop.com.tr\/wp-content\/uploads\/2026\/04\/viento-595x49.webp 595w, https:\/\/mymotoshop.com.tr\/wp-content\/uploads\/2026\/04\/viento.webp 609w\" sizes=\"auto, (max-width: 300px) 100vw, 300px\" \/><\/a><\/p>\n<ul>\n<li>Specially designed for sporty driving.<\/li>\n<li>For improved cornering performance and more precise handlebar control.<\/li>\n<\/ul>\n<p>Variable winding technology carcass structure.<\/p>\n<ul>\n<li>Silica-rich tread compound provides maximum grip whether on the street or on the track.<\/li>\n<\/ul>\n<p><strong>As MY MOTO SHOP, we [offer] quality for every riding style. <\/strong><\/p>\n<p><strong>We present motorcycle tyres to you in the most accurate way.<\/strong><\/p>\n<p><strong>\u2013 PERFORMANCE AND TRUST TOGETHER.<\/strong><\/p>\n<p><strong>\u00a0<\/strong><\/p>\n<p><strong>\u2013 ALL OUR PRODUCTS ARE GUARANTEED FOR 2 YEARS.<\/strong><\/p>\n<p><strong>\u2013 ALL OUR PRODUCTS WERE MANUFACTURED IN 2026.<\/strong><\/p>\n<table>\n<thead>\n<tr>\n<td><strong>Brand<\/strong><\/td>\n<td><strong>Model<\/strong><\/td>\n<td><strong>No<\/strong><\/td>\n<\/tr>\n<\/thead>\n<tbody>\n<tr>\n<td><strong>Yamaha<\/strong><\/td>\n<td>YZF-R25 \/ R3<\/td>\n<td>En pop\u00fcler &#8220;performans art\u0131r\u0131c\u0131&#8221; arka ebad\u0131d\u0131r.<\/td>\n<\/tr>\n<tr>\n<td><strong>Yamaha<\/strong><\/td>\n<td>MT-25 \/ MT-03<\/td>\n<td>Daha kasl\u0131 bir g\u00f6r\u00fcn\u00fcm ve stabilite i\u00e7in tercih edilir.<\/td>\n<\/tr>\n<tr>\n<td><strong>KTM<\/strong><\/td>\n<td>Duke 250 \/ 390<\/td>\n<td>Fabrikasyon orijinal \u00f6l\u00e7\u00fcs\u00fcd\u00fcr.<\/td>\n<\/tr>\n<tr>\n<td><strong>KTM<\/strong><\/td>\n<td>RC 250 \/ 390<\/td>\n<td>Pist ve cadde kullan\u0131m\u0131 i\u00e7in standart \u00f6l\u00e7\u00fc.<\/td>\n<\/tr>\n<tr>\n<td><strong>Kowasaki<\/strong><\/td>\n<td>Ninja 400 \/ Z400<\/td>\n<td>Tam uyum sa\u011flayan orijinal ekipman \u00f6l\u00e7\u00fcs\u00fc.<\/td>\n<\/tr>\n<tr>\n<td><strong>Kowasaki<\/strong><\/td>\n<td>Ninja 250SL \/ Z250SL<\/td>\n<td>Tek silindirli seriler i\u00e7in \u00fcst d\u00fczey yol tutu\u015f.<\/td>\n<\/tr>\n<tr>\n<td><strong>Bajaj<\/strong><\/td>\n<td>Dominar 400<\/td>\n<td>Fabrikasyon orijinal \u00f6l\u00e7\u00fcs\u00fcd\u00fcr, radyal performans sunar.<\/td>\n<\/tr>\n<tr>\n<td><strong>Bajaj<\/strong><\/td>\n<td>Pulsar NS 200 \/ RS 200<\/td>\n<td>Arka lasti\u011fi kal\u0131nla\u015ft\u0131rmak isteyenlerin favori &#8220;upgrade&#8221;i.<\/td>\n<\/tr>\n<tr>\n<td><strong>CF Moto<\/strong><\/td>\n<td>250SR \/ 450SR<\/td>\n<td>Yeni nesil performans modelleri i\u00e7in tam uyum.<\/td>\n<\/tr>\n<tr>\n<td><strong>CF Moto<\/strong><\/td>\n<td>250NK \/ 400NK<\/td>\n<td>Agresif naked s\u00fcr\u00fc\u015f\u00fc i\u00e7in standart \u00f6l\u00e7\u00fc.<\/td>\n<\/tr>\n<tr>\n<td><strong>Husqvarna<\/strong><\/td>\n<td>Vitpilen 401 \/ Svartpilen 401<\/td>\n<td>Orijinal radyal lastik \u00f6l\u00e7\u00fcs\u00fc.<\/td>\n<\/tr>\n<\/tbody>\n<\/table>\n<p>&nbsp;<\/p>","protected":false},"excerpt":{"rendered":"<p>Ebat Y\u00fck ve H\u0131z Endeksi 150\/60ZR17 66W Duyular\u0131n\u0131z\u0131 harekete ge\u00e7irin. Yeni nesil Supersport lasti\u011fi VientoSport; ister pistte, ister caddede, s\u00fcr\u00fc\u015f\u00fcn her an\u0131nda y\u00fcksek performans i\u00e7in geli\u015ftirildi. Sportif s\u00fcr\u00fc\u015f i\u00e7in geli\u015ftirilen \u00f6zel tasar\u0131m Daha y\u00fcksek viraj performans\u0131 ve daha hassas gidon hakimiyeti i\u00e7in de\u011fi\u015fken Sar\u0131m Teknolojili karkas yap\u0131s\u0131 Silika Zengin s\u0131rt hamuru ile ister caddede, ister [&hellip;]<\/p>\n","protected":false},"featured_media":2292,"comment_status":"closed","ping_status":"closed","template":"","meta":[],"product_brand":[245,254,250,243,257,255,256,249,244],"product_cat":[274,163],"product_tag":[294,302],"class_list":{"0":"post-2319","1":"product","2":"type-product","3":"status-publish","4":"has-post-thumbnail","6":"product_brand-bajaj","7":"product_brand-bmw","8":"product_brand-cfmoto","9":"product_brand-honda","10":"product_brand-kawasaki","11":"product_brand-ktm","12":"product_brand-suzuki","13":"product_brand-tvs","14":"product_brand-yamaha","15":"product_cat-motosiklet-lastikleri","16":"product_cat-supersport-lastikler","17":"product_tag-150-60zr17-66w","18":"product_tag-viento-sport","19":"pa_jant-capi-224","20":"pa_taban-genisligimm-205","21":"pa_yanak-yuksekligi-236","23":"first","24":"instock","25":"featured","26":"taxable","27":"shipping-taxable","28":"purchasable","29":"product-type-simple"},"_links":{"self":[{"href":"https:\/\/mymotoshop.com.tr\/en\/wp-json\/wp\/v2\/product\/2319","targetHints":{"allow":["GET"]}}],"collection":[{"href":"https:\/\/mymotoshop.com.tr\/en\/wp-json\/wp\/v2\/product"}],"about":[{"href":"https:\/\/mymotoshop.com.tr\/en\/wp-json\/wp\/v2\/types\/product"}],"replies":[{"embeddable":true,"href":"https:\/\/mymotoshop.com.tr\/en\/wp-json\/wp\/v2\/comments?post=2319"}],"wp:featuredmedia":[{"embeddable":true,"href":"https:\/\/mymotoshop.com.tr\/en\/wp-json\/wp\/v2\/media\/2292"}],"wp:attachment":[{"href":"https:\/\/mymotoshop.com.tr\/en\/wp-json\/wp\/v2\/media?parent=2319"}],"wp:term":[{"taxonomy":"product_brand","embeddable":true,"href":"https:\/\/mymotoshop.com.tr\/en\/wp-json\/wp\/v2\/product_brand?post=2319"},{"taxonomy":"product_cat","embeddable":true,"href":"https:\/\/mymotoshop.com.tr\/en\/wp-json\/wp\/v2\/product_cat?post=2319"},{"taxonomy":"product_tag","embeddable":true,"href":"https:\/\/mymotoshop.com.tr\/en\/wp-json\/wp\/v2\/product_tag?post=2319"}],"curies":[{"name":"wp","href":"https:\/\/api.w.org\/{rel}","templated":true}]}}