{"id":2327,"date":"2026-04-13T13:22:02","date_gmt":"2026-04-13T10:22:02","guid":{"rendered":"https:\/\/mymotoshop.com.tr\/?post_type=product&#038;p=2327"},"modified":"2026-04-21T11:42:43","modified_gmt":"2026-04-21T08:42:43","slug":"anlas-18x9-50-8-an-track-tubeless-atv-lastigi","status":"publish","type":"product","link":"https:\/\/mymotoshop.com.tr\/en\/product\/anlas-18x9-50-8-an-track-tubeless-atv-lastigi\/","title":{"rendered":"ANLAS 18X9.50-8 AN-TRACK TUBELESS ATV TYRE"},"content":{"rendered":"<table id=\"ebat\">\n<tbody>\n<tr>\n<th>Ebb<\/th>\n<\/tr>\n<tr>\n<td>18X9.50-8<\/td>\n<\/tr>\n<\/tbody>\n<\/table>\n<p><strong>AN-TRACK<\/strong><\/p>\n<p><strong>Engel Tan\u0131maz!<\/strong><\/p>\n<p>Performans kadar esteti\u011fe de \u00f6nem verilerek tasarlanm\u0131\u015f \u00f6n\/arka ATV lasti\u011fi.<\/p>\n<p>Estetik yap\u0131s\u0131 ve \u00f6zel hamuru sayesinde,en dengeli ve g\u00fcvenli s\u00fcr\u00fc\u015f i\u00e7in sizlerle..<\/p>\n<p><strong>As MY MOTO SHOP, we [offer] quality for every riding style. <\/strong><\/p>\n<p><strong>We present motorcycle tyres to you in the most accurate way.<\/strong><\/p>\n<p><strong>\u2013 PERFORMANCE AND TRUST TOGETHER.<\/strong><\/p>\n<p><strong>\u2013 ALL OUR PRODUCTS ARE GUARANTEED FOR 2 YEARS.<\/strong><\/p>\n<p><strong>\u2013 ALL OUR PRODUCTS WERE MANUFACTURED IN 2026.<\/strong><\/p>\n<table>\n<thead>\n<tr>\n<td><strong>Brand<\/strong><\/td>\n<td><strong>Model<\/strong><\/td>\n<td><strong>Segment<\/strong><\/td>\n<\/tr>\n<\/thead>\n<tbody>\n<tr>\n<td><strong>World<\/strong><\/td>\n<td>ATV 150<\/td>\n<td>Utility (En pop\u00fcler kullan\u0131m)<\/td>\n<\/tr>\n<tr>\n<td><strong>Cuba<\/strong><\/td>\n<td>ATV 150 \/ 175<\/td>\n<td>Utility \/ Hobi<\/td>\n<\/tr>\n<tr>\n<td><strong>Polaris<\/strong><\/td>\n<td>Outlaw 90 \/ 110<\/td>\n<td>Gen\u00e7lik \/ Sport<\/td>\n<\/tr>\n<tr>\n<td><strong>Yamaha<\/strong><\/td>\n<td>Raptor 90<\/td>\n<td>\u00c7ocuk \/ Gen\u00e7lik Sport<\/td>\n<\/tr>\n<tr>\n<td><strong>Can-Am<\/strong><\/td>\n<td>DS 70 \/ 90<\/td>\n<td>Ba\u015flang\u0131\u00e7 Segmenti<\/td>\n<\/tr>\n<tr>\n<td><strong>Arora<\/strong><\/td>\n<td>Hunter 150 \/ 200<\/td>\n<td>Utility \/ Tar\u0131m<\/td>\n<\/tr>\n<tr>\n<td><strong>Yuki<\/strong><\/td>\n<td>Track 150<\/td>\n<td>Hobi<\/td>\n<\/tr>\n<tr>\n<td><strong>Falcon<\/strong><\/td>\n<td>Rhino 150<\/td>\n<td>Utility<\/td>\n<\/tr>\n<\/tbody>\n<\/table>","protected":false},"excerpt":{"rendered":"<p>Ebat 18X9.50-8 AN-TRACK Engel Tan\u0131maz! Performans kadar esteti\u011fe de \u00f6nem verilerek tasarlanm\u0131\u015f \u00f6n\/arka ATV lasti\u011fi. Estetik yap\u0131s\u0131 ve \u00f6zel hamuru sayesinde,en dengeli ve g\u00fcvenli s\u00fcr\u00fc\u015f i\u00e7in sizlerle.. &#8211; MY MOTO SHOP OLARAK HER S\u00dcR\u00dc\u015e ST\u0130L\u0130NE UYGUN KAL\u0130TEL\u0130 &#8211; MOTOS\u0130KLET LAST\u0130KLER\u0130N\u0130 EN DO\u011eRU \u015eEK\u0130LDE S\u0130ZLERE SUNUYORUZ. &#8211; PERFORMANS VE G\u00dcVEN B\u0130R ARADA. &#8211; T\u00dcM \u00dcR\u00dcNLER\u0130M\u0130Z 2 [&hellip;]<\/p>\n","protected":false},"featured_media":2325,"comment_status":"closed","ping_status":"closed","template":"","meta":[],"product_brand":[],"product_cat":[169,168],"product_tag":[349],"class_list":{"0":"post-2327","1":"product","2":"type-product","3":"status-publish","4":"has-post-thumbnail","6":"product_cat-8-jant-atv-lastikleri","7":"product_cat-atv-utv-lastikleri","8":"product_tag-atv-lastigi","9":"pa_atv-dis-cap-yukseklik-352","10":"pa_atv-lastik-genislik-372","11":"pa_atv-lastik-jant-capi-367","13":"first","14":"instock","15":"featured","16":"taxable","17":"shipping-taxable","18":"purchasable","19":"product-type-simple"},"_links":{"self":[{"href":"https:\/\/mymotoshop.com.tr\/en\/wp-json\/wp\/v2\/product\/2327","targetHints":{"allow":["GET"]}}],"collection":[{"href":"https:\/\/mymotoshop.com.tr\/en\/wp-json\/wp\/v2\/product"}],"about":[{"href":"https:\/\/mymotoshop.com.tr\/en\/wp-json\/wp\/v2\/types\/product"}],"replies":[{"embeddable":true,"href":"https:\/\/mymotoshop.com.tr\/en\/wp-json\/wp\/v2\/comments?post=2327"}],"wp:featuredmedia":[{"embeddable":true,"href":"https:\/\/mymotoshop.com.tr\/en\/wp-json\/wp\/v2\/media\/2325"}],"wp:attachment":[{"href":"https:\/\/mymotoshop.com.tr\/en\/wp-json\/wp\/v2\/media?parent=2327"}],"wp:term":[{"taxonomy":"product_brand","embeddable":true,"href":"https:\/\/mymotoshop.com.tr\/en\/wp-json\/wp\/v2\/product_brand?post=2327"},{"taxonomy":"product_cat","embeddable":true,"href":"https:\/\/mymotoshop.com.tr\/en\/wp-json\/wp\/v2\/product_cat?post=2327"},{"taxonomy":"product_tag","embeddable":true,"href":"https:\/\/mymotoshop.com.tr\/en\/wp-json\/wp\/v2\/product_tag?post=2327"}],"curies":[{"name":"wp","href":"https:\/\/api.w.org\/{rel}","templated":true}]}}