{"id":2331,"date":"2026-04-13T13:32:28","date_gmt":"2026-04-13T10:32:28","guid":{"rendered":"https:\/\/mymotoshop.com.tr\/?post_type=product&#038;p=2331"},"modified":"2026-04-21T11:45:00","modified_gmt":"2026-04-21T08:45:00","slug":"anlas-21x10-10-an-track-tubeless-atv-lastigi","status":"publish","type":"product","link":"https:\/\/mymotoshop.com.tr\/en\/product\/anlas-21x10-10-an-track-tubeless-atv-lastigi\/","title":{"rendered":"ANLAS 21X10-10 AN-TRACK TUBELESS ATV LAST\u0130\u011e\u0130"},"content":{"rendered":"<table id=\"ebat\">\n<tbody>\n<tr>\n<th>Ebb<\/th>\n<th>Load and Speed Index<\/th>\n<\/tr>\n<tr>\n<td>21X10-10<\/td>\n<td>39J<\/td>\n<\/tr>\n<\/tbody>\n<\/table>\n<p><strong>AN-TRACK<\/strong><\/p>\n<p><strong>Engel Tan\u0131maz!<\/strong><\/p>\n<p>Performans kadar esteti\u011fe de \u00f6nem verilerek tasarlanm\u0131\u015f \u00f6n\/arka ATV lasti\u011fi.<\/p>\n<p>Estetik yap\u0131s\u0131 ve \u00f6zel hamuru sayesinde,en dengeli ve g\u00fcvenli s\u00fcr\u00fc\u015f i\u00e7in sizlerle..<\/p>\n<p><strong>As MY MOTO SHOP, we [offer] quality for every riding style. <\/strong><\/p>\n<p><strong>We present motorcycle tyres to you in the most accurate way.<\/strong><\/p>\n<p><strong>\u2013 PERFORMANCE AND TRUST TOGETHER.<\/strong><\/p>\n<p><strong>\u2013 ALL OUR PRODUCTS ARE GUARANTEED FOR 2 YEARS.<\/strong><\/p>\n<p><strong>\u2013 ALL OUR PRODUCTS WERE MANUFACTURED IN 2026.<\/strong><\/p>\n<table>\n<thead>\n<tr>\n<td><strong>Brand<\/strong><\/td>\n<td><strong>Model<\/strong><\/td>\n<td><strong>Segment<\/strong><\/td>\n<\/tr>\n<\/thead>\n<tbody>\n<tr>\n<td><strong>Yamaha<\/strong><\/td>\n<td>Raptor 350 \/ 660 \/ 700<\/td>\n<td>Sport ATV (Efsanevi Arka \u00d6l\u00e7\u00fc)<\/td>\n<\/tr>\n<tr>\n<td><strong>Honda<\/strong><\/td>\n<td>TRX 400 EX \/ 450R<\/td>\n<td>Performance \/ Yar\u0131\u015f<\/td>\n<\/tr>\n<tr>\n<td><strong>Suzuki<\/strong><\/td>\n<td>LTZ 400<\/td>\n<td>Sport \/ Cross<\/td>\n<\/tr>\n<tr>\n<td><strong>Kowasaki<\/strong><\/td>\n<td>KFX 400 \/ 450R<\/td>\n<td>Sport<\/td>\n<\/tr>\n<tr>\n<td><strong>World<\/strong><\/td>\n<td>ATV 200 \/ 250<\/td>\n<td>Utility \/ Hobi<\/td>\n<\/tr>\n<tr>\n<td><strong>Cuba<\/strong><\/td>\n<td>LH 200 \/ Jumbo 200<\/td>\n<td>Utility \/ \u00c7iftlik<\/td>\n<\/tr>\n<tr>\n<td><strong>TGB<\/strong><\/td>\n<td>Target 325<\/td>\n<td>Sport-Utility Hybrid<\/td>\n<\/tr>\n<tr>\n<td><strong>Can-Am<\/strong><\/td>\n<td>DS 250 \/ 450<\/td>\n<td>Sport<\/td>\n<\/tr>\n<\/tbody>\n<\/table>","protected":false},"excerpt":{"rendered":"<p>Ebat Y\u00fck ve H\u0131z Endeksi 21X10-10 39J AN-TRACK Engel Tan\u0131maz! Performans kadar esteti\u011fe de \u00f6nem verilerek tasarlanm\u0131\u015f \u00f6n\/arka ATV lasti\u011fi. Estetik yap\u0131s\u0131 ve \u00f6zel hamuru sayesinde,en dengeli ve g\u00fcvenli s\u00fcr\u00fc\u015f i\u00e7in sizlerle.. &#8211; MY MOTO SHOP OLARAK HER S\u00dcR\u00dc\u015e ST\u0130L\u0130NE UYGUN KAL\u0130TEL\u0130 &#8211; MOTOS\u0130KLET LAST\u0130KLER\u0130N\u0130 EN DO\u011eRU \u015eEK\u0130LDE S\u0130ZLERE SUNUYORUZ. &#8211; PERFORMANS VE G\u00dcVEN B\u0130R [&hellip;]<\/p>\n","protected":false},"featured_media":2325,"comment_status":"closed","ping_status":"closed","template":"","meta":[],"product_brand":[],"product_cat":[170,168],"product_tag":[349],"class_list":{"0":"post-2331","1":"product","2":"type-product","3":"status-publish","4":"has-post-thumbnail","6":"product_cat-10-jant-atv-lastikleri","7":"product_cat-atv-utv-lastikleri","8":"product_tag-atv-lastigi","9":"pa_atv-dis-cap-yukseklik-355","10":"pa_atv-lastik-genislik-364","11":"pa_atv-lastik-jant-capi-369","12":"pa_yuk-ve-hiz-endeksi-39j","14":"first","15":"instock","16":"featured","17":"taxable","18":"shipping-taxable","19":"purchasable","20":"product-type-simple"},"_links":{"self":[{"href":"https:\/\/mymotoshop.com.tr\/en\/wp-json\/wp\/v2\/product\/2331","targetHints":{"allow":["GET"]}}],"collection":[{"href":"https:\/\/mymotoshop.com.tr\/en\/wp-json\/wp\/v2\/product"}],"about":[{"href":"https:\/\/mymotoshop.com.tr\/en\/wp-json\/wp\/v2\/types\/product"}],"replies":[{"embeddable":true,"href":"https:\/\/mymotoshop.com.tr\/en\/wp-json\/wp\/v2\/comments?post=2331"}],"wp:featuredmedia":[{"embeddable":true,"href":"https:\/\/mymotoshop.com.tr\/en\/wp-json\/wp\/v2\/media\/2325"}],"wp:attachment":[{"href":"https:\/\/mymotoshop.com.tr\/en\/wp-json\/wp\/v2\/media?parent=2331"}],"wp:term":[{"taxonomy":"product_brand","embeddable":true,"href":"https:\/\/mymotoshop.com.tr\/en\/wp-json\/wp\/v2\/product_brand?post=2331"},{"taxonomy":"product_cat","embeddable":true,"href":"https:\/\/mymotoshop.com.tr\/en\/wp-json\/wp\/v2\/product_cat?post=2331"},{"taxonomy":"product_tag","embeddable":true,"href":"https:\/\/mymotoshop.com.tr\/en\/wp-json\/wp\/v2\/product_tag?post=2331"}],"curies":[{"name":"wp","href":"https:\/\/api.w.org\/{rel}","templated":true}]}}