{"id":2332,"date":"2026-04-13T13:33:45","date_gmt":"2026-04-13T10:33:45","guid":{"rendered":"https:\/\/mymotoshop.com.tr\/?post_type=product&#038;p=2332"},"modified":"2026-04-21T11:45:55","modified_gmt":"2026-04-21T08:45:55","slug":"anlas-22x10-10-an-track-tubeless-atv-lastigi","status":"publish","type":"product","link":"https:\/\/mymotoshop.com.tr\/en\/product\/anlas-22x10-10-an-track-tubeless-atv-lastigi\/","title":{"rendered":"ANLAS 22X10-10 AN-TRACK TUBELESS ATV LAST\u0130\u011e\u0130"},"content":{"rendered":"<table id=\"ebat\">\n<tbody>\n<tr>\n<th>Ebb<\/th>\n<th>Load and Speed Index<\/th>\n<\/tr>\n<tr>\n<td>21X10-10<\/td>\n<td>39J<\/td>\n<\/tr>\n<\/tbody>\n<\/table>\n<p><strong>AN-TRACK<\/strong><\/p>\n<p><strong>Engel Tan\u0131maz!<\/strong><\/p>\n<p>Performans kadar esteti\u011fe de \u00f6nem verilerek tasarlanm\u0131\u015f \u00f6n\/arka ATV lasti\u011fi.<\/p>\n<p>Estetik yap\u0131s\u0131 ve \u00f6zel hamuru sayesinde,en dengeli ve g\u00fcvenli s\u00fcr\u00fc\u015f i\u00e7in sizlerle..<\/p>\n<p><strong>As MY MOTO SHOP, we [offer] quality for every riding style. <\/strong><\/p>\n<p><strong>We present motorcycle tyres to you in the most accurate way.<\/strong><\/p>\n<p><strong>\u2013 PERFORMANCE AND TRUST TOGETHER.<\/strong><\/p>\n<p><strong>\u2013 ALL OUR PRODUCTS ARE GUARANTEED FOR 2 YEARS.<\/strong><\/p>\n<p><strong>\u2013 ALL OUR PRODUCTS WERE MANUFACTURED IN 2026.<\/strong><\/p>\n<table>\n<thead>\n<tr>\n<td><strong>Brand<\/strong><\/td>\n<td><strong>Model<\/strong><\/td>\n<td><strong>Segment<\/strong><\/td>\n<\/tr>\n<\/thead>\n<tbody>\n<tr>\n<td><strong>World<\/strong><\/td>\n<td>ATV 200 \/ 250<\/td>\n<td>Utility \/ Tar\u0131m (En yayg\u0131n kullan\u0131m)<\/td>\n<\/tr>\n<tr>\n<td><strong>Cuba<\/strong><\/td>\n<td>LH 200 \/ Jumbo 200<\/td>\n<td>Utility \/ Hobi<\/td>\n<\/tr>\n<tr>\n<td><strong>Arctic Cat<\/strong><\/td>\n<td>250 \/ 300<\/td>\n<td>Utility \/ A\u011f\u0131r Hizmet<\/td>\n<\/tr>\n<tr>\n<td><strong>Polaris<\/strong><\/td>\n<td>Phoenix 200 \/ Sawtooth<\/td>\n<td>Gen\u00e7lik \/ Utility<\/td>\n<\/tr>\n<tr>\n<td><strong>Yamaha<\/strong><\/td>\n<td>Grizzly 350 (2WD Modeller)<\/td>\n<td>Arazi \/ Hizmet<\/td>\n<\/tr>\n<tr>\n<td><strong>Aeon<\/strong><\/td>\n<td>Crossland 300 \/ 400<\/td>\n<td>Utility<\/td>\n<\/tr>\n<tr>\n<td><strong>Arora<\/strong><\/td>\n<td>Hunter 200 \/ 250<\/td>\n<td>Tar\u0131m \/ Utility<\/td>\n<\/tr>\n<tr>\n<td><strong>Falcon<\/strong><\/td>\n<td>Rhino 250<\/td>\n<td>\u0130\u015f \/ Hizmet<\/td>\n<\/tr>\n<\/tbody>\n<\/table>","protected":false},"excerpt":{"rendered":"<p>Ebat Y\u00fck ve H\u0131z Endeksi 21X10-10 39J AN-TRACK Engel Tan\u0131maz! Performans kadar esteti\u011fe de \u00f6nem verilerek tasarlanm\u0131\u015f \u00f6n\/arka ATV lasti\u011fi. Estetik yap\u0131s\u0131 ve \u00f6zel hamuru sayesinde,en dengeli ve g\u00fcvenli s\u00fcr\u00fc\u015f i\u00e7in sizlerle.. &#8211; MY MOTO SHOP OLARAK HER S\u00dcR\u00dc\u015e ST\u0130L\u0130NE UYGUN KAL\u0130TEL\u0130 &#8211; MOTOS\u0130KLET LAST\u0130KLER\u0130N\u0130 EN DO\u011eRU \u015eEK\u0130LDE S\u0130ZLERE SUNUYORUZ. &#8211; PERFORMANS VE G\u00dcVEN B\u0130R [&hellip;]<\/p>\n","protected":false},"featured_media":2325,"comment_status":"closed","ping_status":"closed","template":"","meta":[],"product_brand":[],"product_cat":[170,168],"product_tag":[377,349],"class_list":{"0":"post-2332","1":"product","2":"type-product","3":"status-publish","4":"has-post-thumbnail","6":"product_cat-10-jant-atv-lastikleri","7":"product_cat-atv-utv-lastikleri","8":"product_tag-22x10-10-39j","9":"product_tag-atv-lastigi","10":"pa_atv-dis-cap-yukseklik-356","11":"pa_atv-lastik-genislik-364","12":"pa_atv-lastik-jant-capi-369","13":"pa_yuk-ve-hiz-endeksi-39j","15":"first","16":"instock","17":"featured","18":"taxable","19":"shipping-taxable","20":"purchasable","21":"product-type-simple"},"_links":{"self":[{"href":"https:\/\/mymotoshop.com.tr\/en\/wp-json\/wp\/v2\/product\/2332","targetHints":{"allow":["GET"]}}],"collection":[{"href":"https:\/\/mymotoshop.com.tr\/en\/wp-json\/wp\/v2\/product"}],"about":[{"href":"https:\/\/mymotoshop.com.tr\/en\/wp-json\/wp\/v2\/types\/product"}],"replies":[{"embeddable":true,"href":"https:\/\/mymotoshop.com.tr\/en\/wp-json\/wp\/v2\/comments?post=2332"}],"wp:featuredmedia":[{"embeddable":true,"href":"https:\/\/mymotoshop.com.tr\/en\/wp-json\/wp\/v2\/media\/2325"}],"wp:attachment":[{"href":"https:\/\/mymotoshop.com.tr\/en\/wp-json\/wp\/v2\/media?parent=2332"}],"wp:term":[{"taxonomy":"product_brand","embeddable":true,"href":"https:\/\/mymotoshop.com.tr\/en\/wp-json\/wp\/v2\/product_brand?post=2332"},{"taxonomy":"product_cat","embeddable":true,"href":"https:\/\/mymotoshop.com.tr\/en\/wp-json\/wp\/v2\/product_cat?post=2332"},{"taxonomy":"product_tag","embeddable":true,"href":"https:\/\/mymotoshop.com.tr\/en\/wp-json\/wp\/v2\/product_tag?post=2332"}],"curies":[{"name":"wp","href":"https:\/\/api.w.org\/{rel}","templated":true}]}}