{"id":2335,"date":"2026-04-13T13:39:32","date_gmt":"2026-04-13T10:39:32","guid":{"rendered":"https:\/\/mymotoshop.com.tr\/?post_type=product&#038;p=2335"},"modified":"2026-04-21T11:47:57","modified_gmt":"2026-04-21T08:47:57","slug":"anlas-19x7-8-18x9-50-8-an-track-tubeless-on-arka-takim-atv-lastigi","status":"publish","type":"product","link":"https:\/\/mymotoshop.com.tr\/en\/product\/anlas-19x7-8-18x9-50-8-an-track-tubeless-on-arka-takim-atv-lastigi\/","title":{"rendered":"ANLAS 19X7-8 \u2013 18X9.50-8 AN-TRACK TUBELESS FRONT-REAR ATV TYRES"},"content":{"rendered":"<table id=\"ebat\">\n<tbody>\n<tr>\n<th>Ebb<\/th>\n<\/tr>\n<tr>\n<td>19X7-8 \u2013 18X9.50-8<\/td>\n<\/tr>\n<\/tbody>\n<\/table>\n<p><strong>AN-TRACK<\/strong><\/p>\n<p><strong>Engel Tan\u0131maz!<\/strong><\/p>\n<p>Performans kadar esteti\u011fe de \u00f6nem verilerek tasarlanm\u0131\u015f \u00f6n\/arka ATV lasti\u011fi.<\/p>\n<p>Estetik yap\u0131s\u0131 ve \u00f6zel hamuru sayesinde,en dengeli ve g\u00fcvenli s\u00fcr\u00fc\u015f i\u00e7in sizlerle..<\/p>\n<p><strong>As MY MOTO SHOP, we [offer] quality for every riding style. <\/strong><\/p>\n<p><strong>We present motorcycle tyres to you in the most accurate way.<\/strong><\/p>\n<p><strong>\u2013 PERFORMANCE AND TRUST TOGETHER.<\/strong><\/p>\n<p><strong>\u2013 ALL OUR PRODUCTS ARE GUARANTEED FOR 2 YEARS.<\/strong><\/p>\n<p><strong>\u2013 ALL OUR PRODUCTS WERE MANUFACTURED IN 2026.<\/strong><\/p>\n<table>\n<thead>\n<tr>\n<td><strong>Pozisyon<\/strong><\/td>\n<td><strong>Ebb<\/strong><\/td>\n<td><strong>Model<\/strong><\/td>\n<td><strong>Uyumlu Oldu\u011fu Baz\u0131 Modeller<\/strong><\/td>\n<\/tr>\n<\/thead>\n<tbody>\n<tr>\n<td><strong>\u00d6N<\/strong><\/td>\n<td>19X7-8<\/td>\n<td>AN-TRACK<\/td>\n<td>Mondial ATV 150, Kuba 150\/175, Polaris Outlaw 90\/110<\/td>\n<\/tr>\n<tr>\n<td><strong>ARKA<\/strong><\/td>\n<td>18X9.50-8<\/td>\n<td>AN-TRACK<\/td>\n<td>Mondial ATV 150, Kuba 150\/175, Polaris Outlaw 90\/110<\/td>\n<\/tr>\n<\/tbody>\n<\/table>","protected":false},"excerpt":{"rendered":"<p>Ebat 19X7-8 \u2013 18X9.50-8 AN-TRACK Engel Tan\u0131maz! Performans kadar esteti\u011fe de \u00f6nem verilerek tasarlanm\u0131\u015f \u00f6n\/arka ATV lasti\u011fi. Estetik yap\u0131s\u0131 ve \u00f6zel hamuru sayesinde,en dengeli ve g\u00fcvenli s\u00fcr\u00fc\u015f i\u00e7in sizlerle.. &#8211; MY MOTO SHOP OLARAK HER S\u00dcR\u00dc\u015e ST\u0130L\u0130NE UYGUN KAL\u0130TEL\u0130 &#8211; MOTOS\u0130KLET LAST\u0130KLER\u0130N\u0130 EN DO\u011eRU \u015eEK\u0130LDE S\u0130ZLERE SUNUYORUZ. &#8211; PERFORMANS VE G\u00dcVEN B\u0130R ARADA. &#8211; T\u00dcM [&hellip;]<\/p>\n","protected":false},"featured_media":2337,"comment_status":"closed","ping_status":"closed","template":"","meta":[],"product_brand":[],"product_cat":[169,168],"product_tag":[384,382,349,383],"class_list":{"0":"post-2335","1":"product","2":"type-product","3":"status-publish","4":"has-post-thumbnail","6":"product_cat-8-jant-atv-lastikleri","7":"product_cat-atv-utv-lastikleri","8":"product_tag-18x9-50-8","9":"product_tag-19x7-8","10":"product_tag-atv-lastigi","11":"product_tag-on-arka-takim-atv-lastigi","12":"pa_atv-dis-cap-yukseklik-352","13":"pa_atv-dis-cap-yukseklik-353","14":"pa_atv-lastik-genislik-361","15":"pa_atv-lastik-genislik-372","16":"pa_atv-lastik-jant-capi-367","18":"first","19":"instock","20":"featured","21":"taxable","22":"shipping-taxable","23":"purchasable","24":"product-type-simple"},"_links":{"self":[{"href":"https:\/\/mymotoshop.com.tr\/en\/wp-json\/wp\/v2\/product\/2335","targetHints":{"allow":["GET"]}}],"collection":[{"href":"https:\/\/mymotoshop.com.tr\/en\/wp-json\/wp\/v2\/product"}],"about":[{"href":"https:\/\/mymotoshop.com.tr\/en\/wp-json\/wp\/v2\/types\/product"}],"replies":[{"embeddable":true,"href":"https:\/\/mymotoshop.com.tr\/en\/wp-json\/wp\/v2\/comments?post=2335"}],"wp:featuredmedia":[{"embeddable":true,"href":"https:\/\/mymotoshop.com.tr\/en\/wp-json\/wp\/v2\/media\/2337"}],"wp:attachment":[{"href":"https:\/\/mymotoshop.com.tr\/en\/wp-json\/wp\/v2\/media?parent=2335"}],"wp:term":[{"taxonomy":"product_brand","embeddable":true,"href":"https:\/\/mymotoshop.com.tr\/en\/wp-json\/wp\/v2\/product_brand?post=2335"},{"taxonomy":"product_cat","embeddable":true,"href":"https:\/\/mymotoshop.com.tr\/en\/wp-json\/wp\/v2\/product_cat?post=2335"},{"taxonomy":"product_tag","embeddable":true,"href":"https:\/\/mymotoshop.com.tr\/en\/wp-json\/wp\/v2\/product_tag?post=2335"}],"curies":[{"name":"wp","href":"https:\/\/api.w.org\/{rel}","templated":true}]}}