{"id":2341,"date":"2026-04-13T13:55:39","date_gmt":"2026-04-13T10:55:39","guid":{"rendered":"https:\/\/mymotoshop.com.tr\/?post_type=product&#038;p=2341"},"modified":"2026-04-21T11:49:57","modified_gmt":"2026-04-21T08:49:57","slug":"anlas-25x8-12-25x10-12-an-track-tubeless-on-arka-takim-atv-lastigi","status":"publish","type":"product","link":"https:\/\/mymotoshop.com.tr\/en\/product\/anlas-25x8-12-25x10-12-an-track-tubeless-on-arka-takim-atv-lastigi\/","title":{"rendered":"ANLAS 25X8-12 \u2013 25X10-12 AN-TRACK TUBELESS FRONT \u2013 REAR SET ATV TYRE"},"content":{"rendered":"<table id=\"ebat\">\n<tbody>\n<tr>\n<th>Ebb<\/th>\n<th>Load and Speed Index<\/th>\n<\/tr>\n<tr>\n<td>25X8-12<\/td>\n<td>43 year old female<\/td>\n<\/tr>\n<tr>\n<td>25X10-12<\/td>\n<td>50F<\/td>\n<\/tr>\n<\/tbody>\n<\/table>\n<p><strong>AN-TRACK<\/strong><\/p>\n<p><strong>Engel Tan\u0131maz!<\/strong><\/p>\n<p>Performans kadar esteti\u011fe de \u00f6nem verilerek tasarlanm\u0131\u015f \u00f6n\/arka ATV lasti\u011fi.<\/p>\n<p>Estetik yap\u0131s\u0131 ve \u00f6zel hamuru sayesinde,en dengeli ve g\u00fcvenli s\u00fcr\u00fc\u015f i\u00e7in sizlerle..<\/p>\n<p><strong>As MY MOTO SHOP, we [offer] quality for every riding style. <\/strong><\/p>\n<p><strong>We present motorcycle tyres to you in the most accurate way.<\/strong><\/p>\n<p><strong>\u2013 PERFORMANCE AND TRUST TOGETHER.<\/strong><\/p>\n<p><strong>\u2013 ALL OUR PRODUCTS ARE GUARANTEED FOR 2 YEARS.<\/strong><\/p>\n<p><strong>\u2013 ALL OUR PRODUCTS WERE MANUFACTURED IN 2026.<\/strong><\/p>\n<table>\n<thead>\n<tr>\n<td><strong>Brand<\/strong><\/td>\n<td><strong>Model<\/strong><\/td>\n<td><strong>Segment \/ Kullan\u0131m Alan\u0131<\/strong><\/td>\n<\/tr>\n<\/thead>\n<tbody>\n<tr>\n<td><strong>CF Moto<\/strong><\/td>\n<td>CForce 450 \/ 520 \/ 625<\/td>\n<td>T\u00fcrkiye&#8217;nin en pop\u00fcler 4&#215;4 gezi ve i\u015f serisi.<\/td>\n<\/tr>\n<tr>\n<td><strong>Yamaha<\/strong><\/td>\n<td>Grizzly 550 \/ 660 \/ 700<\/td>\n<td>Efsanevi arazi performans\u0131 i\u00e7in tam uyumlu set.<\/td>\n<\/tr>\n<tr>\n<td><strong>Suzuki<\/strong><\/td>\n<td>KingQuad 450 \/ 500 \/ 750<\/td>\n<td>A\u011f\u0131r hizmet ve profesyonel tar\u0131m kullan\u0131m\u0131.<\/td>\n<\/tr>\n<tr>\n<td><strong>Honda<\/strong><\/td>\n<td>TRX 420 \/ 500 \/ 680 (Rincon)<\/td>\n<td>Maksimum dayan\u0131kl\u0131l\u0131k odakl\u0131 i\u015f makineleri.<\/td>\n<\/tr>\n<tr>\n<td><strong>Can-Am<\/strong><\/td>\n<td>Outlander 450 \/ 500 \/ 570<\/td>\n<td>Premium Utility segmentinin standart \u00f6l\u00e7\u00fcs\u00fc.<\/td>\n<\/tr>\n<tr>\n<td><strong>Kowasaki<\/strong><\/td>\n<td>Brute Force 650 \/ 750<\/td>\n<td>V-Twin g\u00fc\u00e7l\u00fc modeller i\u00e7in y\u00fcksek \u00e7eki\u015f g\u00fcc\u00fc.<\/td>\n<\/tr>\n<tr>\n<td><strong>Kymco<\/strong><\/td>\n<td>MXU 450 \/ 550 \/ 700<\/td>\n<td>\u0130\u015f, hizmet ve safari turlar\u0131 i\u00e7in ideal paket.<\/td>\n<\/tr>\n<tr>\n<td><strong>TGB<\/strong><\/td>\n<td>Blade 550 \/ 600<\/td>\n<td>A\u011f\u0131r arazi ve \u00e7eki demiri performans\u0131 odakl\u0131.<\/td>\n<\/tr>\n<\/tbody>\n<\/table>","protected":false},"excerpt":{"rendered":"<p>Ebat Y\u00fck ve H\u0131z Endeksi 25X8-12 43F 25X10-12 50F AN-TRACK Engel Tan\u0131maz! Performans kadar esteti\u011fe de \u00f6nem verilerek tasarlanm\u0131\u015f \u00f6n\/arka ATV lasti\u011fi. Estetik yap\u0131s\u0131 ve \u00f6zel hamuru sayesinde,en dengeli ve g\u00fcvenli s\u00fcr\u00fc\u015f i\u00e7in sizlerle.. &#8211; MY MOTO SHOP OLARAK HER S\u00dcR\u00dc\u015e ST\u0130L\u0130NE UYGUN KAL\u0130TEL\u0130 &#8211; MOTOS\u0130KLET LAST\u0130KLER\u0130N\u0130 EN DO\u011eRU \u015eEK\u0130LDE S\u0130ZLERE SUNUYORUZ. &#8211; PERFORMANS VE [&hellip;]<\/p>\n","protected":false},"featured_media":2337,"comment_status":"closed","ping_status":"closed","template":"","meta":[],"product_brand":[],"product_cat":[171,168],"product_tag":[381,379,349,383],"class_list":{"0":"post-2341","1":"product","2":"type-product","3":"status-publish","4":"has-post-thumbnail","6":"product_cat-12-jant-atv-lastikleri","7":"product_cat-atv-utv-lastikleri","8":"product_tag-25x10-12-50f","9":"product_tag-25x8-12-43f","10":"product_tag-atv-lastigi","11":"product_tag-on-arka-takim-atv-lastigi","12":"pa_atv-dis-cap-yukseklik-359","13":"pa_atv-lastik-genislik-364","14":"pa_atv-lastik-genislik-386","15":"pa_atv-lastik-jant-capi-371","16":"pa_yuk-ve-hiz-endeksi-43f","17":"pa_yuk-ve-hiz-endeksi-50f","19":"first","20":"instock","21":"featured","22":"taxable","23":"shipping-taxable","24":"purchasable","25":"product-type-simple"},"_links":{"self":[{"href":"https:\/\/mymotoshop.com.tr\/en\/wp-json\/wp\/v2\/product\/2341","targetHints":{"allow":["GET"]}}],"collection":[{"href":"https:\/\/mymotoshop.com.tr\/en\/wp-json\/wp\/v2\/product"}],"about":[{"href":"https:\/\/mymotoshop.com.tr\/en\/wp-json\/wp\/v2\/types\/product"}],"replies":[{"embeddable":true,"href":"https:\/\/mymotoshop.com.tr\/en\/wp-json\/wp\/v2\/comments?post=2341"}],"wp:featuredmedia":[{"embeddable":true,"href":"https:\/\/mymotoshop.com.tr\/en\/wp-json\/wp\/v2\/media\/2337"}],"wp:attachment":[{"href":"https:\/\/mymotoshop.com.tr\/en\/wp-json\/wp\/v2\/media?parent=2341"}],"wp:term":[{"taxonomy":"product_brand","embeddable":true,"href":"https:\/\/mymotoshop.com.tr\/en\/wp-json\/wp\/v2\/product_brand?post=2341"},{"taxonomy":"product_cat","embeddable":true,"href":"https:\/\/mymotoshop.com.tr\/en\/wp-json\/wp\/v2\/product_cat?post=2341"},{"taxonomy":"product_tag","embeddable":true,"href":"https:\/\/mymotoshop.com.tr\/en\/wp-json\/wp\/v2\/product_tag?post=2341"}],"curies":[{"name":"wp","href":"https:\/\/api.w.org\/{rel}","templated":true}]}}