{"id":2397,"date":"2026-04-21T12:16:12","date_gmt":"2026-04-21T09:16:12","guid":{"rendered":"https:\/\/mymotoshop.com.tr\/?post_type=product&#038;p=2397"},"modified":"2026-04-21T13:29:24","modified_gmt":"2026-04-21T10:29:24","slug":"anlas-100-80-17-140-70r17-tournee-sport-on-arka-takim-lastik","status":"publish","type":"product","link":"https:\/\/mymotoshop.com.tr\/en\/product\/anlas-100-80-17-140-70r17-tournee-sport-on-arka-takim-lastik\/","title":{"rendered":"ANLAS 100\/80-17 \u2013 140\/70R17 TOURNEE SPORT FRONT \u2013 REAR TYRE SET"},"content":{"rendered":"<table id=\"ebat\">\n<tbody>\n<tr>\n<th>Ebb<\/th>\n<th>Load and Speed Index<\/th>\n<\/tr>\n<tr>\n<td>100\/80-17<\/td>\n<td>52S<\/td>\n<\/tr>\n<tr>\n<td>140\/70R17<\/td>\n<td>66H<\/td>\n<\/tr>\n<\/tbody>\n<\/table>\n<p><strong>Engineered for maximum grip!<\/strong><\/p>\n<p>Conquer the road with the new Tourn\u00e9e Sport's 0\u00b0 steel radial belt construction!<\/p>\n<p><strong><a href=\"https:\/\/mymotoshop.com.tr\/wp-content\/uploads\/2026\/04\/TOURNEE-SPORT.webp\"><img loading=\"lazy\" decoding=\"async\" class=\"alignnone size-medium wp-image-2393\" src=\"https:\/\/mymotoshop.com.tr\/wp-content\/uploads\/2026\/04\/TOURNEE-SPORT-300x58.webp\" alt=\"TOURNEE SPORT\" width=\"300\" height=\"58\" srcset=\"https:\/\/mymotoshop.com.tr\/wp-content\/uploads\/2026\/04\/TOURNEE-SPORT-300x58.webp 300w, https:\/\/mymotoshop.com.tr\/wp-content\/uploads\/2026\/04\/TOURNEE-SPORT-600x116.webp 600w, https:\/\/mymotoshop.com.tr\/wp-content\/uploads\/2026\/04\/TOURNEE-SPORT-18x3.webp 18w, https:\/\/mymotoshop.com.tr\/wp-content\/uploads\/2026\/04\/TOURNEE-SPORT-450x87.webp 450w, https:\/\/mymotoshop.com.tr\/wp-content\/uploads\/2026\/04\/TOURNEE-SPORT-595x115.webp 595w, https:\/\/mymotoshop.com.tr\/wp-content\/uploads\/2026\/04\/TOURNEE-SPORT-64x12.webp 64w, https:\/\/mymotoshop.com.tr\/wp-content\/uploads\/2026\/04\/TOURNEE-SPORT.webp 609w\" sizes=\"auto, (max-width: 300px) 100vw, 300px\" \/><\/a><\/strong><\/p>\n<p><strong>Superior security for the city<\/strong><\/p>\n<p>All the features you need for a safe and comfortable ride in one package. The rubber compound and tread pattern, specially developed for high grip against the harsh conditions of the city, offer you maximum safety in the most difficult circumstances. Wide drainage channels ensure cornering safety and a shorter braking distance on wet surfaces.<\/p>\n<p><strong>Superior driving control<\/strong><\/p>\n<p>Whether it's city traffic or a weekend getaway. The tread structure, supported by a V-profile pattern, ensures stability and a dynamic ride.<\/p>\n<p><strong>Maximum Security<\/strong><br \/>\nEnhanced wet grip and short braking distance thanks to the tread and compound designed for challenging road conditions.<\/p>\n<p><strong>0\u00b0 Steel Radial Belt<\/strong><br \/>\nRadial Technology developed for high stability, maximum driving control and cornering safety.<\/p>\n<p><strong>High Performance<\/strong><br \/>\nMore dynamic driving, high performance with kerf channels developed for profile design and heat control.<\/p>\n<p><strong>As MY MOTO SHOP, we [offer] quality for every riding style. <\/strong><\/p>\n<p><strong>We present motorcycle tyres to you in the most accurate way.<\/strong><\/p>\n<p><strong>\u2013 PERFORMANCE AND TRUST TOGETHER.<\/strong><\/p>\n<p><strong>\u2013 ALL OUR PRODUCTS ARE GUARANTEED FOR 2 YEARS.<\/strong><\/p>\n<p><strong>\u2013 ALL OUR PRODUCTS WERE MANUFACTURED IN 2026.<\/strong><\/p>\n<table>\n<thead>\n<tr>\n<td><strong>Brand<\/strong><\/td>\n<td><strong>Model<\/strong><\/td>\n<td><strong>No<\/strong><\/td>\n<\/tr>\n<\/thead>\n<tbody>\n<tr>\n<td><strong>Yamaha<\/strong><\/td>\n<td>YZF-R25 \/ MT-25<\/td>\n<td>\u0130lk jenerasyonlar\u0131n en ideal &#8220;k\u0131vrak&#8221; lastik \u00f6l\u00e7\u00fcs\u00fcd\u00fcr.<\/td>\n<\/tr>\n<tr>\n<td><strong>Honda<\/strong><\/td>\n<td>CBR 250R \/ 300R<\/td>\n<td>Fabrikasyon \u00f6l\u00e7\u00fcs\u00fcd\u00fcr, motorun geometrisini bozmaz.<\/td>\n<\/tr>\n<tr>\n<td><strong>Honda<\/strong><\/td>\n<td>CB 250R (Neo Sports)<\/td>\n<td>Baz\u0131 versiyonlarda k\u0131vrakl\u0131\u011f\u0131 art\u0131rmak i\u00e7in tercih edilir.<\/td>\n<\/tr>\n<tr>\n<td><strong>Bajaj<\/strong><\/td>\n<td>Pulsar NS 200 \/ RS 200<\/td>\n<td>T\u00fcrkiye&#8217;de en \u00e7ok tercih edilen &#8220;Premium Ge\u00e7i\u015f&#8221; setidir.<\/td>\n<\/tr>\n<tr>\n<td><strong>Bajaj<\/strong><\/td>\n<td>Dominar 250<\/td>\n<td>Fabrikasyon arka \u00f6l\u00e7\u00fcs\u00fcd\u00fcr, tam uyum sa\u011flar.<\/td>\n<\/tr>\n<tr>\n<td><strong>Kowasaki<\/strong><\/td>\n<td>Ninja 250 \/ 300<\/td>\n<td>Perfect fit.<\/td>\n<\/tr>\n<tr>\n<td><strong>Kowasaki<\/strong><\/td>\n<td>Z250 \/ Z300<\/td>\n<td>Perfect fit.<\/td>\n<\/tr>\n<tr>\n<td><strong>TVS<\/strong><\/td>\n<td>Apache RTR 200 4V<\/td>\n<td>Arkay\u0131 130&#8217;dan 140&#8217;a b\u00fcy\u00fctmek isteyenlerin favorisi.<\/td>\n<\/tr>\n<tr>\n<td><strong>CF Moto<\/strong><\/td>\n<td>250NK \/ 250SR<\/td>\n<td>Fabrika \u00e7\u0131k\u0131\u015f lastiklerini Tournee g\u00fcveniyle de\u011fi\u015ftirmek isteyenler i\u00e7in.<\/td>\n<\/tr>\n<tr>\n<td><strong>Suzuki<\/strong><\/td>\n<td>GSX-R 125 \/ GSX-S 125<\/td>\n<td>Arka lasti\u011fi bir t\u0131k kal\u0131nla\u015ft\u0131rmak isteyenler i\u00e7in &#8220;etlipak&#8221; bir duru\u015f sunar.<\/td>\n<\/tr>\n<\/tbody>\n<\/table>","protected":false},"excerpt":{"rendered":"<p>Ebat Y\u00fck ve H\u0131z Endeksi 100\/80-17 52S 140\/70R17 66H Maksimum yol tutu\u015fu i\u00e7in \u00f6zel tasar\u0131m! Yeni Tourn\u00e9e Sport\u2019un 0\u00b0\u00c7elik Radyal Ku\u015fakl\u0131 yap\u0131s\u0131 ile trafi\u011fe meydan okuyun! \u015eehir i\u00e7in \u00fcst\u00fcn g\u00fcvenlik G\u00fcvenli ve konforlu bir s\u00fcr\u00fc\u015f i\u00e7in ihtiyac\u0131n\u0131z olan t\u00fcm \u00f6zellikler bir arada. \u015eehrin \u00e7etin ko\u015fullar\u0131na kar\u015f\u0131 y\u00fcksek tutunma g\u00fcc\u00fc i\u00e7in \u00f6zel olarak geli\u015ftirilmi\u015f hamur ve [&hellip;]<\/p>\n","protected":false},"featured_media":2394,"comment_status":"closed","ping_status":"closed","template":"","meta":[],"product_brand":[245,250,243,257,255,256,249,244],"product_cat":[274,172],"product_tag":[388,390],"class_list":{"0":"post-2397","1":"product","2":"type-product","3":"status-publish","4":"has-post-thumbnail","6":"product_brand-bajaj","7":"product_brand-cfmoto","8":"product_brand-honda","9":"product_brand-kawasaki","10":"product_brand-ktm","11":"product_brand-suzuki","12":"product_brand-tvs","13":"product_brand-yamaha","14":"product_cat-motosiklet-lastikleri","15":"product_cat-on-arka-takim-lastikler","16":"product_tag-100-80-17","17":"product_tag-140-70r17","18":"pa_jant-capi-224","19":"pa_taban-genisligimm-204","20":"pa_taban-genisligimm-208","21":"pa_yanak-yuksekligi-236","22":"pa_yanak-yuksekligi-237","23":"pa_yuk-ve-hiz-endeksi-52s","24":"pa_yuk-ve-hiz-endeksi-66h","26":"first","27":"instock","28":"featured","29":"taxable","30":"shipping-taxable","31":"purchasable","32":"product-type-simple"},"_links":{"self":[{"href":"https:\/\/mymotoshop.com.tr\/en\/wp-json\/wp\/v2\/product\/2397","targetHints":{"allow":["GET"]}}],"collection":[{"href":"https:\/\/mymotoshop.com.tr\/en\/wp-json\/wp\/v2\/product"}],"about":[{"href":"https:\/\/mymotoshop.com.tr\/en\/wp-json\/wp\/v2\/types\/product"}],"replies":[{"embeddable":true,"href":"https:\/\/mymotoshop.com.tr\/en\/wp-json\/wp\/v2\/comments?post=2397"}],"wp:featuredmedia":[{"embeddable":true,"href":"https:\/\/mymotoshop.com.tr\/en\/wp-json\/wp\/v2\/media\/2394"}],"wp:attachment":[{"href":"https:\/\/mymotoshop.com.tr\/en\/wp-json\/wp\/v2\/media?parent=2397"}],"wp:term":[{"taxonomy":"product_brand","embeddable":true,"href":"https:\/\/mymotoshop.com.tr\/en\/wp-json\/wp\/v2\/product_brand?post=2397"},{"taxonomy":"product_cat","embeddable":true,"href":"https:\/\/mymotoshop.com.tr\/en\/wp-json\/wp\/v2\/product_cat?post=2397"},{"taxonomy":"product_tag","embeddable":true,"href":"https:\/\/mymotoshop.com.tr\/en\/wp-json\/wp\/v2\/product_tag?post=2397"}],"curies":[{"name":"wp","href":"https:\/\/api.w.org\/{rel}","templated":true}]}}