{"id":2402,"date":"2026-04-21T12:29:38","date_gmt":"2026-04-21T09:29:38","guid":{"rendered":"https:\/\/mymotoshop.com.tr\/?post_type=product&#038;p=2402"},"modified":"2026-04-21T13:29:25","modified_gmt":"2026-04-21T10:29:25","slug":"anlas-90-90-17-110-80-17-tournee-sport-on-arka-takim-lastik","status":"publish","type":"product","link":"https:\/\/mymotoshop.com.tr\/en\/product\/anlas-90-90-17-110-80-17-tournee-sport-on-arka-takim-lastik\/","title":{"rendered":"ANLAS 90\/90-17 \u2013 110\/80-17 TOURNEE SPORT FRONT \u2013 REAR TYRE SET"},"content":{"rendered":"<table id=\"ebat\">\n<tbody>\n<tr>\n<th>Ebb<\/th>\n<th>Load and Speed Index<\/th>\n<\/tr>\n<tr>\n<td>90\/90-17<\/td>\n<td>49P<\/td>\n<\/tr>\n<tr>\n<td>110\/80-17<\/td>\n<td>57P<\/td>\n<\/tr>\n<\/tbody>\n<\/table>\n<p><strong>Engineered for maximum grip!<\/strong><\/p>\n<p>Conquer the road with the new Tourn\u00e9e Sport's 0\u00b0 steel radial belt construction!<\/p>\n<p><strong><a href=\"https:\/\/mymotoshop.com.tr\/wp-content\/uploads\/2026\/04\/TOURNEE-SPORT.webp\"><img loading=\"lazy\" decoding=\"async\" class=\"alignnone size-medium wp-image-2393\" src=\"https:\/\/mymotoshop.com.tr\/wp-content\/uploads\/2026\/04\/TOURNEE-SPORT-300x58.webp\" alt=\"TOURNEE SPORT\" width=\"300\" height=\"58\" srcset=\"https:\/\/mymotoshop.com.tr\/wp-content\/uploads\/2026\/04\/TOURNEE-SPORT-300x58.webp 300w, https:\/\/mymotoshop.com.tr\/wp-content\/uploads\/2026\/04\/TOURNEE-SPORT-600x116.webp 600w, https:\/\/mymotoshop.com.tr\/wp-content\/uploads\/2026\/04\/TOURNEE-SPORT-18x3.webp 18w, https:\/\/mymotoshop.com.tr\/wp-content\/uploads\/2026\/04\/TOURNEE-SPORT-450x87.webp 450w, https:\/\/mymotoshop.com.tr\/wp-content\/uploads\/2026\/04\/TOURNEE-SPORT-595x115.webp 595w, https:\/\/mymotoshop.com.tr\/wp-content\/uploads\/2026\/04\/TOURNEE-SPORT-64x12.webp 64w, https:\/\/mymotoshop.com.tr\/wp-content\/uploads\/2026\/04\/TOURNEE-SPORT.webp 609w\" sizes=\"auto, (max-width: 300px) 100vw, 300px\" \/><\/a><\/strong><\/p>\n<p><strong>Superior security for the city<\/strong><\/p>\n<p>All the features you need for a safe and comfortable ride in one package. The rubber compound and tread pattern, specially developed for high grip against the harsh conditions of the city, offer you maximum safety in the most difficult circumstances. Wide drainage channels ensure cornering safety and a shorter braking distance on wet surfaces.<\/p>\n<p><strong>Superior driving control<\/strong><\/p>\n<p>Whether it's city traffic or a weekend getaway. The tread structure, supported by a V-profile pattern, ensures stability and a dynamic ride.<\/p>\n<p><strong>Maximum Security<\/strong><br \/>\nEnhanced wet grip and short braking distance thanks to the tread and compound designed for challenging road conditions.<\/p>\n<p><strong>0\u00b0 Steel Radial Belt<\/strong><br \/>\nRadial Technology developed for high stability, maximum driving control and cornering safety.<\/p>\n<p><strong>High Performance<\/strong><br \/>\nMore dynamic driving, high performance with kerf channels developed for profile design and heat control.<\/p>\n<p><strong>As MY MOTO SHOP, we [offer] quality for every riding style. <\/strong><\/p>\n<p><strong>We present motorcycle tyres to you in the most accurate way.<\/strong><\/p>\n<p><strong>\u2013 PERFORMANCE AND TRUST TOGETHER.<\/strong><\/p>\n<p><strong>\u2013 ALL OUR PRODUCTS ARE GUARANTEED FOR 2 YEARS.<\/strong><\/p>\n<p><strong>\u2013 ALL OUR PRODUCTS WERE MANUFACTURED IN 2026.<\/strong><\/p>","protected":false},"excerpt":{"rendered":"<p>Ebat Y\u00fck ve H\u0131z Endeksi 90\/90-17 49P 110\/80-17 57P Maksimum yol tutu\u015fu i\u00e7in \u00f6zel tasar\u0131m! Yeni Tourn\u00e9e Sport\u2019un 0\u00b0\u00c7elik Radyal Ku\u015fakl\u0131 yap\u0131s\u0131 ile trafi\u011fe meydan okuyun! \u015eehir i\u00e7in \u00fcst\u00fcn g\u00fcvenlik G\u00fcvenli ve konforlu bir s\u00fcr\u00fc\u015f i\u00e7in ihtiyac\u0131n\u0131z olan t\u00fcm \u00f6zellikler bir arada. \u015eehrin \u00e7etin ko\u015fullar\u0131na kar\u015f\u0131 y\u00fcksek tutunma g\u00fcc\u00fc i\u00e7in \u00f6zel olarak geli\u015ftirilmi\u015f hamur ve [&hellip;]<\/p>\n","protected":false},"featured_media":2394,"comment_status":"closed","ping_status":"closed","template":"","meta":[],"product_brand":[251,245,243,255,246,247,249,244,258],"product_cat":[274,172],"product_tag":[396,394],"class_list":{"0":"post-2402","1":"product","2":"type-product","3":"status-publish","4":"has-post-thumbnail","6":"product_brand-arora","7":"product_brand-bajaj","8":"product_brand-honda","9":"product_brand-ktm","10":"product_brand-mondial","11":"product_brand-rks","12":"product_brand-tvs","13":"product_brand-yamaha","14":"product_brand-yuki","15":"product_cat-motosiklet-lastikleri","16":"product_cat-on-arka-takim-lastikler","17":"product_tag-110-80-17-57p","18":"product_tag-90-90-17-49p","19":"pa_jant-capi-224","20":"pa_taban-genisligimm-205","21":"pa_taban-genisligimm-203","22":"pa_yanak-yuksekligi-237","23":"pa_yanak-yuksekligi-238","24":"pa_yuk-ve-hiz-endeksi-49p","25":"pa_yuk-ve-hiz-endeksi-57p","27":"first","28":"instock","29":"featured","30":"taxable","31":"shipping-taxable","32":"purchasable","33":"product-type-simple"},"_links":{"self":[{"href":"https:\/\/mymotoshop.com.tr\/en\/wp-json\/wp\/v2\/product\/2402","targetHints":{"allow":["GET"]}}],"collection":[{"href":"https:\/\/mymotoshop.com.tr\/en\/wp-json\/wp\/v2\/product"}],"about":[{"href":"https:\/\/mymotoshop.com.tr\/en\/wp-json\/wp\/v2\/types\/product"}],"replies":[{"embeddable":true,"href":"https:\/\/mymotoshop.com.tr\/en\/wp-json\/wp\/v2\/comments?post=2402"}],"wp:featuredmedia":[{"embeddable":true,"href":"https:\/\/mymotoshop.com.tr\/en\/wp-json\/wp\/v2\/media\/2394"}],"wp:attachment":[{"href":"https:\/\/mymotoshop.com.tr\/en\/wp-json\/wp\/v2\/media?parent=2402"}],"wp:term":[{"taxonomy":"product_brand","embeddable":true,"href":"https:\/\/mymotoshop.com.tr\/en\/wp-json\/wp\/v2\/product_brand?post=2402"},{"taxonomy":"product_cat","embeddable":true,"href":"https:\/\/mymotoshop.com.tr\/en\/wp-json\/wp\/v2\/product_cat?post=2402"},{"taxonomy":"product_tag","embeddable":true,"href":"https:\/\/mymotoshop.com.tr\/en\/wp-json\/wp\/v2\/product_tag?post=2402"}],"curies":[{"name":"wp","href":"https:\/\/api.w.org\/{rel}","templated":true}]}}