{"id":2406,"date":"2026-04-21T13:03:55","date_gmt":"2026-04-21T10:03:55","guid":{"rendered":"https:\/\/mymotoshop.com.tr\/?post_type=product&#038;p=2406"},"modified":"2026-04-21T13:29:25","modified_gmt":"2026-04-21T10:29:25","slug":"anlas-110-70r17-140-70r17-tournee-sport-on-arka-takim-lastik-radial","status":"publish","type":"product","link":"https:\/\/mymotoshop.com.tr\/en\/product\/anlas-110-70r17-140-70r17-tournee-sport-on-arka-takim-lastik-radial\/","title":{"rendered":"ANLAS 110\/70R17 \u2013 140\/70R17 TOURNEE SPORT FRONT \u2013 REAR TYRE SET (RADIAL)"},"content":{"rendered":"<table id=\"ebat\">\n<tbody>\n<tr>\n<th>Ebb<\/th>\n<th>Load and Speed Index<\/th>\n<\/tr>\n<tr>\n<td>110\/70R17 54H<\/td>\n<td>54H<\/td>\n<\/tr>\n<tr>\n<td>\u00a0140\/70R17 66H<\/td>\n<td>66H<\/td>\n<\/tr>\n<\/tbody>\n<\/table>\n<p><strong>Engineered for maximum grip!<\/strong><\/p>\n<p>Conquer the road with the new Tourn\u00e9e Sport's 0\u00b0 steel radial belt construction!<\/p>\n<p><strong><a href=\"https:\/\/mymotoshop.com.tr\/wp-content\/uploads\/2026\/04\/TOURNEE-SPORT.webp\"><img loading=\"lazy\" decoding=\"async\" class=\"alignnone size-medium wp-image-2393\" src=\"https:\/\/mymotoshop.com.tr\/wp-content\/uploads\/2026\/04\/TOURNEE-SPORT-300x58.webp\" alt=\"TOURNEE SPORT\" width=\"300\" height=\"58\" srcset=\"https:\/\/mymotoshop.com.tr\/wp-content\/uploads\/2026\/04\/TOURNEE-SPORT-300x58.webp 300w, https:\/\/mymotoshop.com.tr\/wp-content\/uploads\/2026\/04\/TOURNEE-SPORT-600x116.webp 600w, https:\/\/mymotoshop.com.tr\/wp-content\/uploads\/2026\/04\/TOURNEE-SPORT-18x3.webp 18w, https:\/\/mymotoshop.com.tr\/wp-content\/uploads\/2026\/04\/TOURNEE-SPORT-450x87.webp 450w, https:\/\/mymotoshop.com.tr\/wp-content\/uploads\/2026\/04\/TOURNEE-SPORT-595x115.webp 595w, https:\/\/mymotoshop.com.tr\/wp-content\/uploads\/2026\/04\/TOURNEE-SPORT-64x12.webp 64w, https:\/\/mymotoshop.com.tr\/wp-content\/uploads\/2026\/04\/TOURNEE-SPORT.webp 609w\" sizes=\"auto, (max-width: 300px) 100vw, 300px\" \/><\/a><\/strong><\/p>\n<p><strong>Superior security for the city<\/strong><\/p>\n<p>All the features you need for a safe and comfortable ride in one package. The rubber compound and tread pattern, specially developed for high grip against the harsh conditions of the city, offer you maximum safety in the most difficult circumstances. Wide drainage channels ensure cornering safety and a shorter braking distance on wet surfaces.<\/p>\n<p><strong>Superior driving control<\/strong><\/p>\n<p>Whether it's city traffic or a weekend getaway. The tread structure, supported by a V-profile pattern, ensures stability and a dynamic ride.<\/p>\n<p><strong>Maximum Security<\/strong><br \/>\nEnhanced wet grip and short braking distance thanks to the tread and compound designed for challenging road conditions.<\/p>\n<p><strong>0\u00b0 Steel Radial Belt<\/strong><br \/>\nRadial Technology developed for high stability, maximum driving control and cornering safety.<\/p>\n<p><strong>High Performance<\/strong><br \/>\nMore dynamic driving, high performance with kerf channels developed for profile design and heat control.<\/p>\n<p><strong>As MY MOTO SHOP, we [offer] quality for every riding style. <\/strong><\/p>\n<p><strong>We present motorcycle tyres to you in the most accurate way.<\/strong><\/p>\n<p><strong>\u2013 PERFORMANCE AND TRUST TOGETHER.<\/strong><\/p>\n<p><strong>\u2013 ALL OUR PRODUCTS ARE GUARANTEED FOR 2 YEARS.<\/strong><\/p>\n<p><strong>\u2013 ALL OUR PRODUCTS WERE MANUFACTURED IN 2026.<\/strong><\/p>\n<table>\n<thead>\n<tr>\n<td><strong>Brand<\/strong><\/td>\n<td><strong>Model<\/strong><\/td>\n<td><strong>No<\/strong><\/td>\n<\/tr>\n<\/thead>\n<tbody>\n<tr>\n<td><strong>Yamaha<\/strong><\/td>\n<td>YZF-R25 \/ MT-25<\/td>\n<td>Orijinal \u00f6l\u00e7\u00fcleridir. Radyal yap\u0131 s\u00fcr\u00fc\u015f kalitesini ciddi art\u0131r\u0131r.<\/td>\n<\/tr>\n<tr>\n<td><strong>Honda<\/strong><\/td>\n<td>CBR 250R \/ 300R<\/td>\n<td>Fabrikasyon \u00f6l\u00e7\u00fcs\u00fcd\u00fcr; uzun yol yapanlar i\u00e7in en iyi radyal se\u00e7enek.<\/td>\n<\/tr>\n<tr>\n<td><strong>Honda<\/strong><\/td>\n<td>CB 250R (Neo Sports)<\/td>\n<td>\u015eehir i\u00e7i ve virajl\u0131 yollar i\u00e7in tam uyum sa\u011flar.<\/td>\n<\/tr>\n<tr>\n<td><strong>Bajaj<\/strong><\/td>\n<td>Dominar 250<\/td>\n<td>Fabrika \u00e7\u0131k\u0131\u015f\u0131 radyal arka ister; bu set motorun ruhuna tam uyar.<\/td>\n<\/tr>\n<tr>\n<td><strong>Bajaj<\/strong><\/td>\n<td>Pulsar NS 200 \/ RS 200<\/td>\n<td>&#8220;Neden radyal takmal\u0131y\u0131m?&#8221; diyenlerin ilk tercihi olan ebat y\u00fckseltme seti.<\/td>\n<\/tr>\n<tr>\n<td><strong>Kowasaki<\/strong><\/td>\n<td>Ninja 250 \/ 300 \/ 400<\/td>\n<td>Sport-touring kullan\u0131m\u0131 i\u00e7in dayan\u0131kl\u0131l\u0131k ve konfor sunar.<\/td>\n<\/tr>\n<tr>\n<td><strong>Kowasaki<\/strong><\/td>\n<td>Z250 \/ Z300 \/ Z400<\/td>\n<td>Tam uyum sa\u011flayan radyal kombinasyon.<\/td>\n<\/tr>\n<tr>\n<td><strong>KTM<\/strong><\/td>\n<td>Duke 200 \/ 250<\/td>\n<td>Fabrikasyon lastiklerden radyal Tournee&#8217;ye ge\u00e7i\u015f konforu art\u0131r\u0131r.<\/td>\n<\/tr>\n<tr>\n<td><strong>CF Moto<\/strong><\/td>\n<td>250NK \/ 250SR<\/td>\n<td>Orijinal yap\u0131y\u0131 bozmadan radyal teknolojiye ge\u00e7i\u015f sa\u011flar.<\/td>\n<\/tr>\n<tr>\n<td><strong>Husqvarna<\/strong><\/td>\n<td>Vitpilen 250<\/td>\n<td>Tasar\u0131m\u0131 ve performans\u0131 destekleyen premium radyal set.<\/td>\n<\/tr>\n<\/tbody>\n<\/table>","protected":false},"excerpt":{"rendered":"<p>Ebat Y\u00fck ve H\u0131z Endeksi 110\/70R17 54H 54H \u00a0140\/70R17 66H 66H Maksimum yol tutu\u015fu i\u00e7in \u00f6zel tasar\u0131m! Yeni Tourn\u00e9e Sport\u2019un 0\u00b0\u00c7elik Radyal Ku\u015fakl\u0131 yap\u0131s\u0131 ile trafi\u011fe meydan okuyun! \u015eehir i\u00e7in \u00fcst\u00fcn g\u00fcvenlik G\u00fcvenli ve konforlu bir s\u00fcr\u00fc\u015f i\u00e7in ihtiyac\u0131n\u0131z olan t\u00fcm \u00f6zellikler bir arada. \u015eehrin \u00e7etin ko\u015fullar\u0131na kar\u015f\u0131 y\u00fcksek tutunma g\u00fcc\u00fc i\u00e7in \u00f6zel olarak geli\u015ftirilmi\u015f [&hellip;]<\/p>\n","protected":false},"featured_media":2394,"comment_status":"closed","ping_status":"closed","template":"","meta":[],"product_brand":[245,250,243,269,257,255,244],"product_cat":[274,172],"product_tag":[400,401],"class_list":{"0":"post-2406","1":"product","2":"type-product","3":"status-publish","4":"has-post-thumbnail","6":"product_brand-bajaj","7":"product_brand-cfmoto","8":"product_brand-honda","9":"product_brand-husqvarna","10":"product_brand-kawasaki","11":"product_brand-ktm","12":"product_brand-yamaha","13":"product_cat-motosiklet-lastikleri","14":"product_cat-on-arka-takim-lastikler","15":"product_tag-110-70-17-54h","16":"product_tag-140-70-17-66h","17":"pa_jant-capi-224","18":"pa_taban-genisligimm-205","19":"pa_taban-genisligimm-208","20":"pa_yanak-yuksekligi-236","21":"pa_yuk-ve-hiz-endeksi-54h","22":"pa_yuk-ve-hiz-endeksi-66h","24":"first","25":"instock","26":"featured","27":"taxable","28":"shipping-taxable","29":"purchasable","30":"product-type-simple"},"_links":{"self":[{"href":"https:\/\/mymotoshop.com.tr\/en\/wp-json\/wp\/v2\/product\/2406","targetHints":{"allow":["GET"]}}],"collection":[{"href":"https:\/\/mymotoshop.com.tr\/en\/wp-json\/wp\/v2\/product"}],"about":[{"href":"https:\/\/mymotoshop.com.tr\/en\/wp-json\/wp\/v2\/types\/product"}],"replies":[{"embeddable":true,"href":"https:\/\/mymotoshop.com.tr\/en\/wp-json\/wp\/v2\/comments?post=2406"}],"wp:featuredmedia":[{"embeddable":true,"href":"https:\/\/mymotoshop.com.tr\/en\/wp-json\/wp\/v2\/media\/2394"}],"wp:attachment":[{"href":"https:\/\/mymotoshop.com.tr\/en\/wp-json\/wp\/v2\/media?parent=2406"}],"wp:term":[{"taxonomy":"product_brand","embeddable":true,"href":"https:\/\/mymotoshop.com.tr\/en\/wp-json\/wp\/v2\/product_brand?post=2406"},{"taxonomy":"product_cat","embeddable":true,"href":"https:\/\/mymotoshop.com.tr\/en\/wp-json\/wp\/v2\/product_cat?post=2406"},{"taxonomy":"product_tag","embeddable":true,"href":"https:\/\/mymotoshop.com.tr\/en\/wp-json\/wp\/v2\/product_tag?post=2406"}],"curies":[{"name":"wp","href":"https:\/\/api.w.org\/{rel}","templated":true}]}}